{"id":2170,"date":"2023-11-10T13:03:18","date_gmt":"2023-11-10T18:03:18","guid":{"rendered":"https:\/\/aktuel.ca\/politique-de-confidentialite\/"},"modified":"2023-11-27T15:35:48","modified_gmt":"2023-11-27T20:35:48","slug":"privacy","status":"publish","type":"page","link":"https:\/\/aktuel.ca\/en\/privacy\/","title":{"rendered":"Politique de confidentialit\u00e9"},"content":{"rendered":"<div class=\"wpb-content-wrapper\"><p>[vc_row css_animation=&#8221;&#8221; row_type=&#8221;row&#8221; use_row_as_full_screen_section=&#8221;no&#8221; type=&#8221;grid&#8221; angled_section=&#8221;no&#8221; text_align=&#8221;left&#8221; background_image_as_pattern=&#8221;without_pattern&#8221; anchor=&#8221;about&#8221; css=&#8221;.vc_custom_1695653287753{padding-top: 3.3% !important;padding-bottom: 0px !important;}&#8221; z_index=&#8221;&#8221;][vc_column offset=&#8221;vc_col-lg-12 vc_col-md-12&#8243;][vc_column_text]<\/p>\n<h1>Privacy Policy<\/h1>\n<p>[\/vc_column_text][vc_empty_space height=&#8221;15px&#8221;][\/vc_column][\/vc_row][vc_row css_animation=&#8221;&#8221; row_type=&#8221;row&#8221; use_row_as_full_screen_section=&#8221;no&#8221; type=&#8221;grid&#8221; angled_section=&#8221;no&#8221; text_align=&#8221;left&#8221; background_image_as_pattern=&#8221;without_pattern&#8221; anchor=&#8221;about&#8221; css=&#8221;.vc_custom_1695653166899{padding-top: 3% !important;padding-bottom: 4% !important;}&#8221; z_index=&#8221;&#8221;][vc_column offset=&#8221;vc_col-lg-12 vc_col-md-12&#8243;][vc_column_text]Welcome to Aktuel.ca (the &#8220;Site&#8221;). This privacy policy (the &#8220;Policy&#8221;) has been established to explain how we collect, use, and protect your personal information when you browse the Site.<\/p>\n<p class=\"margin-right-20 \"><strong>Collection and Use of Information<\/strong><br \/>\nWhen you fill out our form, we may collect personal information such as your name, email, and phone number. We use this information to contact the person as requested; no information is collected or cataloged.<\/p>\n<p class=\"margin-right-20 \"><strong>Data Security<\/strong><br \/>\nThe security of your personal data is important to us. We implement technical and organizational security measures to protect your information from unauthorized access, loss, or theft.<\/p>\n<p class=\"margin-right-20 \">Our company is hosted on the GloboTech Communications platform. GloboTech Communications provides us with the online platform. Your data may be stored through data storage, databases, and general applications of GloboTech Communications. They store your data on secure servers behind a firewall.<\/p>\n<p class=\"margin-right-20 \"><strong>Data Sharing<\/strong><br \/>\nWe do not sell or rent your personal information to third parties.<\/p>\n<p class=\"margin-right-20 \"><strong>User Rights<\/strong><br \/>\nYou have the right to access, correct, delete, or object to the processing of your personal information. To exercise these rights, please contact <a href=\"mailto:info@aktuel.ca\">info@aktuel.ca<\/a><\/p>\n<p class=\"margin-right-20 \"><strong>Cookies and Google Analytics<\/strong><br \/>\nThe Site uses analytical tools (Google Analytics). These tools allow the collection, analysis, measurement, and presentation of data on visits made to understand and optimize the use of the Site. The Site retains this type of information to count, among other things: the number of visitors, the most visited pages, the technology used by its Service&#8217;s clientele, referring sites, and the country of origin of Site users.<\/p>\n<p class=\"margin-right-20 \"><strong>International Transfers<\/strong><br \/>\nYour information may be transferred and stored in countries outside your country of residence. By using our Site, you consent to these transfers.<\/p>\n<p class=\"margin-right-20 \"><strong>Data Retention Period<\/strong><br \/>\nWe will retain your personal information for as long as necessary to achieve the purposes described in this Policy unless the law requires or allows a longer retention period.<\/p>\n<p class=\"margin-right-20 \"><strong>Withdrawal of Consent<\/strong><br \/>\nIf you no longer wish for us to process your data, please contact <a href=\"mailto:info@aktuel.ca\">info@aktuel.ca<\/a><\/p>\n<p class=\"margin-right-20 \"><strong>Privacy Policy Update<\/strong><br \/>\nWe reserve the right to modify this privacy policy at any time, so we encourage you to check it frequently. Changes and clarifications will take effect upon their publication on the website. If we make significant changes to this policy, we will inform you of its update here, so you know what information we collect, how we use it, and under what circumstances, if any, we use and\/or disclose it.<\/p>\n<p class=\"margin-right-20 \"><strong>Contact<\/strong><br \/>\nFor any questions regarding the Privacy Policy, please contact <a href=\"mailto:info@aktuel.ca\">info@aktuel.ca<\/a><\/p>\n<p class=\"margin-right-20 \"><em>Updated on November 10, 2023<\/em>.<\/p>\n<p>[\/vc_column_text][\/vc_column][\/vc_row]<\/p>\n<\/div>","protected":false},"excerpt":{"rendered":"<p>[vc_row css_animation=&#8221;&#8221; row_type=&#8221;row&#8221; use_row_as_full_screen_section=&#8221;no&#8221; type=&#8221;grid&#8221; angled_section=&#8221;no&#8221; text_align=&#8221;left&#8221; background_image_as_pattern=&#8221;without_pattern&#8221; anchor=&#8221;about&#8221; css=&#8221;.vc_custom_1695653287753{padding-top: 3.3% !important;padding-bottom: 0px !important;}&#8221; z_index=&#8221;&#8221;][vc_column offset=&#8221;vc_col-lg-12 vc_col-md-12&#8243;][vc_column_text] Privacy Policy [\/vc_column_text][vc_empty_space height=&#8221;15px&#8221;][\/vc_column][\/vc_row][vc_row css_animation=&#8221;&#8221; row_type=&#8221;row&#8221; use_row_as_full_screen_section=&#8221;no&#8221; type=&#8221;grid&#8221; angled_section=&#8221;no&#8221; text_align=&#8221;left&#8221; background_image_as_pattern=&#8221;without_pattern&#8221; anchor=&#8221;about&#8221; css=&#8221;.vc_custom_1695653166899{padding-top: 3% !important;padding-bottom: 4% !important;}&#8221; z_index=&#8221;&#8221;][vc_column offset=&#8221;vc_col-lg-12 vc_col-md-12&#8243;][vc_column_text]Welcome to Aktuel.ca (the &#8220;Site&#8221;). This privacy policy (the&#8230;<\/p>\n","protected":false},"author":2,"featured_media":0,"parent":0,"menu_order":0,"comment_status":"closed","ping_status":"closed","template":"full_width.php","meta":{"inline_featured_image":false,"footnotes":""},"class_list":["post-2170","page","type-page","status-publish","hentry"],"yoast_head":"<!-- This site is optimized with the Yoast SEO plugin v27.3 - https:\/\/yoast.com\/product\/yoast-seo-wordpress\/ -->\n<title>Politique de confidentialit\u00e9 - Woodworking Montreal<\/title>\n<meta name=\"robots\" content=\"index, follow, max-snippet:-1, max-image-preview:large, max-video-preview:-1\" \/>\n<link rel=\"canonical\" href=\"https:\/\/aktuel.ca\/en\/privacy\/\" \/>\n<meta property=\"og:locale\" content=\"en_US\" \/>\n<meta property=\"og:type\" content=\"article\" \/>\n<meta property=\"og:title\" content=\"Politique de confidentialit\u00e9 - Woodworking Montreal\" \/>\n<meta property=\"og:description\" content=\"[vc_row css_animation=&#8221;&#8221; row_type=&#8221;row&#8221; use_row_as_full_screen_section=&#8221;no&#8221; type=&#8221;grid&#8221; angled_section=&#8221;no&#8221; text_align=&#8221;left&#8221; background_image_as_pattern=&#8221;without_pattern&#8221; anchor=&#8221;about&#8221; css=&#8221;.vc_custom_1695653287753{padding-top: 3.3% !important;padding-bottom: 0px !important;}&#8221; z_index=&#8221;&#8221;][vc_column offset=&#8221;vc_col-lg-12 vc_col-md-12&#8243;][vc_column_text] Privacy Policy [\/vc_column_text][vc_empty_space height=&#8221;15px&#8221;][\/vc_column][\/vc_row][vc_row css_animation=&#8221;&#8221; row_type=&#8221;row&#8221; use_row_as_full_screen_section=&#8221;no&#8221; type=&#8221;grid&#8221; angled_section=&#8221;no&#8221; text_align=&#8221;left&#8221; background_image_as_pattern=&#8221;without_pattern&#8221; anchor=&#8221;about&#8221; css=&#8221;.vc_custom_1695653166899{padding-top: 3% !important;padding-bottom: 4% !important;}&#8221; z_index=&#8221;&#8221;][vc_column offset=&#8221;vc_col-lg-12 vc_col-md-12&#8243;][vc_column_text]Welcome to Aktuel.ca (the &#8220;Site&#8221;). This privacy policy (the...\" \/>\n<meta property=\"og:url\" content=\"https:\/\/aktuel.ca\/en\/privacy\/\" \/>\n<meta property=\"og:site_name\" content=\"Woodworking Montreal\" \/>\n<meta property=\"article:modified_time\" content=\"2023-11-27T20:35:48+00:00\" \/>\n<meta property=\"og:image\" content=\"https:\/\/aktuel.ca\/wp-content\/uploads\/2020\/11\/og-image.jpg\" \/>\n\t<meta property=\"og:image:width\" content=\"600\" \/>\n\t<meta property=\"og:image:height\" content=\"314\" \/>\n\t<meta property=\"og:image:type\" content=\"image\/jpeg\" \/>\n<meta name=\"twitter:card\" content=\"summary_large_image\" \/>\n<meta name=\"twitter:label1\" content=\"Est. reading time\" \/>\n\t<meta name=\"twitter:data1\" content=\"3 minutes\" \/>\n<script type=\"application\/ld+json\" class=\"yoast-schema-graph\">{\"@context\":\"https:\\\/\\\/schema.org\",\"@graph\":[{\"@type\":\"WebPage\",\"@id\":\"https:\\\/\\\/aktuel.ca\\\/en\\\/privacy\\\/\",\"url\":\"https:\\\/\\\/aktuel.ca\\\/en\\\/privacy\\\/\",\"name\":\"Politique de confidentialit\u00e9 - Woodworking Montreal\",\"isPartOf\":{\"@id\":\"https:\\\/\\\/aktuel.ca\\\/en\\\/#website\"},\"datePublished\":\"2023-11-10T18:03:18+00:00\",\"dateModified\":\"2023-11-27T20:35:48+00:00\",\"breadcrumb\":{\"@id\":\"https:\\\/\\\/aktuel.ca\\\/en\\\/privacy\\\/#breadcrumb\"},\"inLanguage\":\"en-US\",\"potentialAction\":[{\"@type\":\"ReadAction\",\"target\":[\"https:\\\/\\\/aktuel.ca\\\/en\\\/privacy\\\/\"]}]},{\"@type\":\"BreadcrumbList\",\"@id\":\"https:\\\/\\\/aktuel.ca\\\/en\\\/privacy\\\/#breadcrumb\",\"itemListElement\":[{\"@type\":\"ListItem\",\"position\":1,\"name\":\"Accueil\",\"item\":\"https:\\\/\\\/aktuel.ca\\\/en\\\/\"},{\"@type\":\"ListItem\",\"position\":2,\"name\":\"Politique de confidentialit\u00e9\"}]},{\"@type\":\"WebSite\",\"@id\":\"https:\\\/\\\/aktuel.ca\\\/en\\\/#website\",\"url\":\"https:\\\/\\\/aktuel.ca\\\/en\\\/\",\"name\":\"\u00c9b\u00e9niste Montr\u00e9al\",\"description\":\"\",\"publisher\":{\"@id\":\"https:\\\/\\\/aktuel.ca\\\/en\\\/#organization\"},\"potentialAction\":[{\"@type\":\"SearchAction\",\"target\":{\"@type\":\"EntryPoint\",\"urlTemplate\":\"https:\\\/\\\/aktuel.ca\\\/en\\\/?s={search_term_string}\"},\"query-input\":{\"@type\":\"PropertyValueSpecification\",\"valueRequired\":true,\"valueName\":\"search_term_string\"}}],\"inLanguage\":\"en-US\"},{\"@type\":\"Organization\",\"@id\":\"https:\\\/\\\/aktuel.ca\\\/en\\\/#organization\",\"name\":\"Aktuel\",\"url\":\"https:\\\/\\\/aktuel.ca\\\/en\\\/\",\"logo\":{\"@type\":\"ImageObject\",\"inLanguage\":\"en-US\",\"@id\":\"https:\\\/\\\/aktuel.ca\\\/en\\\/#\\\/schema\\\/logo\\\/image\\\/\",\"url\":\"https:\\\/\\\/aktuel.ca\\\/wp-content\\\/uploads\\\/2021\\\/02\\\/logo_Aktuel_FR-noir.svg\",\"contentUrl\":\"https:\\\/\\\/aktuel.ca\\\/wp-content\\\/uploads\\\/2021\\\/02\\\/logo_Aktuel_FR-noir.svg\",\"width\":\"1024\",\"height\":\"1024\",\"caption\":\"Aktuel\"},\"image\":{\"@id\":\"https:\\\/\\\/aktuel.ca\\\/en\\\/#\\\/schema\\\/logo\\\/image\\\/\"},\"sameAs\":[\"https:\\\/\\\/www.instagram.com\\\/aktuel_inc\\\/\"]}]}<\/script>\n<!-- \/ Yoast SEO plugin. -->","yoast_head_json":{"title":"Politique de confidentialit\u00e9 - Woodworking Montreal","robots":{"index":"index","follow":"follow","max-snippet":"max-snippet:-1","max-image-preview":"max-image-preview:large","max-video-preview":"max-video-preview:-1"},"canonical":"https:\/\/aktuel.ca\/en\/privacy\/","og_locale":"en_US","og_type":"article","og_title":"Politique de confidentialit\u00e9 - Woodworking Montreal","og_description":"[vc_row css_animation=&#8221;&#8221; row_type=&#8221;row&#8221; use_row_as_full_screen_section=&#8221;no&#8221; type=&#8221;grid&#8221; angled_section=&#8221;no&#8221; text_align=&#8221;left&#8221; background_image_as_pattern=&#8221;without_pattern&#8221; anchor=&#8221;about&#8221; css=&#8221;.vc_custom_1695653287753{padding-top: 3.3% !important;padding-bottom: 0px !important;}&#8221; z_index=&#8221;&#8221;][vc_column offset=&#8221;vc_col-lg-12 vc_col-md-12&#8243;][vc_column_text] Privacy Policy [\/vc_column_text][vc_empty_space height=&#8221;15px&#8221;][\/vc_column][\/vc_row][vc_row css_animation=&#8221;&#8221; row_type=&#8221;row&#8221; use_row_as_full_screen_section=&#8221;no&#8221; type=&#8221;grid&#8221; angled_section=&#8221;no&#8221; text_align=&#8221;left&#8221; background_image_as_pattern=&#8221;without_pattern&#8221; anchor=&#8221;about&#8221; css=&#8221;.vc_custom_1695653166899{padding-top: 3% !important;padding-bottom: 4% !important;}&#8221; z_index=&#8221;&#8221;][vc_column offset=&#8221;vc_col-lg-12 vc_col-md-12&#8243;][vc_column_text]Welcome to Aktuel.ca (the &#8220;Site&#8221;). This privacy policy (the...","og_url":"https:\/\/aktuel.ca\/en\/privacy\/","og_site_name":"Woodworking Montreal","article_modified_time":"2023-11-27T20:35:48+00:00","og_image":[{"width":600,"height":314,"url":"https:\/\/aktuel.ca\/wp-content\/uploads\/2020\/11\/og-image.jpg","type":"image\/jpeg"}],"twitter_card":"summary_large_image","twitter_misc":{"Est. reading time":"3 minutes"},"schema":{"@context":"https:\/\/schema.org","@graph":[{"@type":"WebPage","@id":"https:\/\/aktuel.ca\/en\/privacy\/","url":"https:\/\/aktuel.ca\/en\/privacy\/","name":"Politique de confidentialit\u00e9 - Woodworking Montreal","isPartOf":{"@id":"https:\/\/aktuel.ca\/en\/#website"},"datePublished":"2023-11-10T18:03:18+00:00","dateModified":"2023-11-27T20:35:48+00:00","breadcrumb":{"@id":"https:\/\/aktuel.ca\/en\/privacy\/#breadcrumb"},"inLanguage":"en-US","potentialAction":[{"@type":"ReadAction","target":["https:\/\/aktuel.ca\/en\/privacy\/"]}]},{"@type":"BreadcrumbList","@id":"https:\/\/aktuel.ca\/en\/privacy\/#breadcrumb","itemListElement":[{"@type":"ListItem","position":1,"name":"Accueil","item":"https:\/\/aktuel.ca\/en\/"},{"@type":"ListItem","position":2,"name":"Politique de confidentialit\u00e9"}]},{"@type":"WebSite","@id":"https:\/\/aktuel.ca\/en\/#website","url":"https:\/\/aktuel.ca\/en\/","name":"\u00c9b\u00e9niste Montr\u00e9al","description":"","publisher":{"@id":"https:\/\/aktuel.ca\/en\/#organization"},"potentialAction":[{"@type":"SearchAction","target":{"@type":"EntryPoint","urlTemplate":"https:\/\/aktuel.ca\/en\/?s={search_term_string}"},"query-input":{"@type":"PropertyValueSpecification","valueRequired":true,"valueName":"search_term_string"}}],"inLanguage":"en-US"},{"@type":"Organization","@id":"https:\/\/aktuel.ca\/en\/#organization","name":"Aktuel","url":"https:\/\/aktuel.ca\/en\/","logo":{"@type":"ImageObject","inLanguage":"en-US","@id":"https:\/\/aktuel.ca\/en\/#\/schema\/logo\/image\/","url":"https:\/\/aktuel.ca\/wp-content\/uploads\/2021\/02\/logo_Aktuel_FR-noir.svg","contentUrl":"https:\/\/aktuel.ca\/wp-content\/uploads\/2021\/02\/logo_Aktuel_FR-noir.svg","width":"1024","height":"1024","caption":"Aktuel"},"image":{"@id":"https:\/\/aktuel.ca\/en\/#\/schema\/logo\/image\/"},"sameAs":["https:\/\/www.instagram.com\/aktuel_inc\/"]}]}},"_links":{"self":[{"href":"https:\/\/aktuel.ca\/en\/wp-json\/wp\/v2\/pages\/2170","targetHints":{"allow":["GET"]}}],"collection":[{"href":"https:\/\/aktuel.ca\/en\/wp-json\/wp\/v2\/pages"}],"about":[{"href":"https:\/\/aktuel.ca\/en\/wp-json\/wp\/v2\/types\/page"}],"author":[{"embeddable":true,"href":"https:\/\/aktuel.ca\/en\/wp-json\/wp\/v2\/users\/2"}],"replies":[{"embeddable":true,"href":"https:\/\/aktuel.ca\/en\/wp-json\/wp\/v2\/comments?post=2170"}],"version-history":[{"count":6,"href":"https:\/\/aktuel.ca\/en\/wp-json\/wp\/v2\/pages\/2170\/revisions"}],"predecessor-version":[{"id":2187,"href":"https:\/\/aktuel.ca\/en\/wp-json\/wp\/v2\/pages\/2170\/revisions\/2187"}],"wp:attachment":[{"href":"https:\/\/aktuel.ca\/en\/wp-json\/wp\/v2\/media?parent=2170"}],"curies":[{"name":"wp","href":"https:\/\/api.w.org\/{rel}","templated":true}]}}