{"id":2119,"date":"2023-09-25T22:41:01","date_gmt":"2023-09-26T02:41:01","guid":{"rendered":"https:\/\/aktuel.ca\/metalwork\/"},"modified":"2023-09-29T15:41:36","modified_gmt":"2023-09-29T19:41:36","slug":"metalwork","status":"publish","type":"page","link":"https:\/\/aktuel.ca\/en\/metalwork\/","title":{"rendered":"Metalwork"},"content":{"rendered":"<div class=\"wpb-content-wrapper\"><p>[vc_row css_animation=&#8221;&#8221; row_type=&#8221;row&#8221; use_row_as_full_screen_section=&#8221;no&#8221; type=&#8221;grid&#8221; angled_section=&#8221;no&#8221; text_align=&#8221;left&#8221; background_image_as_pattern=&#8221;without_pattern&#8221; css=&#8221;.vc_custom_1469625470437{padding-top: 3.3% !important;padding-bottom: 0% !important;}&#8221;][vc_column][vc_column_text]<\/p>\n<h1>Metalwork<\/h1>\n<p>[\/vc_column_text][vc_empty_space height=&#8221;20px&#8221;][vc_column_text]<\/p>\n<h4>Custom steel and other metals<\/h4>\n<p>[\/vc_column_text][vc_empty_space height=&#8221;64px&#8221; el_class=&#8221;height-20-mobile&#8221;][vc_single_image image=&#8221;2084&#8243; img_size=&#8221;full&#8221; qode_css_animation=&#8221;&#8221;][\/vc_column][\/vc_row][vc_row css_animation=&#8221;&#8221; row_type=&#8221;row&#8221; use_row_as_full_screen_section=&#8221;no&#8221; type=&#8221;grid&#8221; angled_section=&#8221;no&#8221; text_align=&#8221;left&#8221; background_image_as_pattern=&#8221;without_pattern&#8221; css=&#8221;.vc_custom_1469626294003{padding-top: 3.15% !important;padding-bottom: 11.6% !important;}&#8221;][vc_column offset=&#8221;vc_col-lg-12 vc_col-md-12&#8243;][vc_column_text css=&#8221;.vc_custom_1695254100338{padding-right: 10% !important;}&#8221;]<\/p>\n<h2 style=\"text-align: left;\">Custom steel and other metals<\/h2>\n<p>[\/vc_column_text][vc_empty_space height=&#8221;30px&#8221; el_class=&#8221;height-20-mobile&#8221;][vc_column_text]<\/p>\n<p style=\"text-align: left;\">Since March 2023, we have completed the integration of our friends from OLIXFAB, a workshop specializing in custom metalwork. The two entities are now grouped together to offer the best one-stop shop turnkey manufacturing service for your wood &amp; metal projects.<\/p>\n<p style=\"text-align: left;\">Our metal division specializes in the creation of custom furniture, architectural or technical components and artistic elements in steel or other metals. We can support you in your metalwork, welding, prototyping and metalwork projects. The finish is always important and impeccable on all our projects.<\/p>\n<p>[\/vc_column_text][vc_empty_space height=&#8221;35px&#8221;][vc_column_text css=&#8221;.vc_custom_1695254223190{padding-right: 10% !important;}&#8221;]<\/p>\n<h3 style=\"text-align: left;\">About OLIXFAB<\/h3>\n<p>[\/vc_column_text][vc_column_text]<\/p>\n<p style=\"text-align: left;\"><img loading=\"lazy\" decoding=\"async\" class=\" wp-image-2152 alignleft\" src=\"https:\/\/aktuel.ca\/wp-content\/uploads\/2023\/09\/logo_ilixfab-300x300.png\" alt=\"\" width=\"123\" height=\"123\" srcset=\"https:\/\/aktuel.ca\/wp-content\/uploads\/2023\/09\/logo_ilixfab-300x300.png 300w, https:\/\/aktuel.ca\/wp-content\/uploads\/2023\/09\/logo_ilixfab-1024x1024.png 1024w, https:\/\/aktuel.ca\/wp-content\/uploads\/2023\/09\/logo_ilixfab-150x150.png 150w, https:\/\/aktuel.ca\/wp-content\/uploads\/2023\/09\/logo_ilixfab-768x768.png 768w, https:\/\/aktuel.ca\/wp-content\/uploads\/2023\/09\/logo_ilixfab-570x570.png 570w, https:\/\/aktuel.ca\/wp-content\/uploads\/2023\/09\/logo_ilixfab-500x500.png 500w, https:\/\/aktuel.ca\/wp-content\/uploads\/2023\/09\/logo_ilixfab-1000x1000.png 1000w, https:\/\/aktuel.ca\/wp-content\/uploads\/2023\/09\/logo_ilixfab-700x700.png 700w, https:\/\/aktuel.ca\/wp-content\/uploads\/2023\/09\/logo_ilixfab.png 1080w\" sizes=\"auto, (max-width: 123px) 100vw, 123px\" \/><\/p>\n<p style=\"text-align: left;\">Since 2016, OLIXFAB has worked in the design, conception and custom manufacturing of furniture, architectural elements, prototypes and other creative projects in steel or other metals. Its founder, Olivier Castonguay, has training in industrial design and several years of experience in mechanical engineering. Olivier&#8217;s creativity and overview combined with his team of experienced welders allow him to support their clients in carrying out their most daring projects.<\/p>\n<p>[\/vc_column_text][vc_empty_space height=&#8221;40px&#8221;]<a  itemprop=\"url\" href=\"http:\/\/projects\/metalwork\" target=\"_self\"  class=\"qbutton  default\" style=\"\">View our work<\/a>[vc_empty_space height=&#8221;60px&#8221;][vc_column_text css=&#8221;.vc_custom_1695252934747{padding-right: 5% !important;}&#8221;]<\/p>\n<p style=\"text-align: left;\">All our projects are turnkey. Contact us at <a href=\"mailto:info@aktuel.ca\"><strong>info@aktuel.ca<\/strong><\/a> to get a quote<\/p>\n<p>[\/vc_column_text][vc_empty_space height=&#8221;60px&#8221;][\/vc_column][\/vc_row]<\/p>\n<\/div>","protected":false},"excerpt":{"rendered":"<p>[vc_row css_animation=&#8221;&#8221; row_type=&#8221;row&#8221; use_row_as_full_screen_section=&#8221;no&#8221; type=&#8221;grid&#8221; angled_section=&#8221;no&#8221; text_align=&#8221;left&#8221; background_image_as_pattern=&#8221;without_pattern&#8221; css=&#8221;.vc_custom_1469625470437{padding-top: 3.3% !important;padding-bottom: 0% !important;}&#8221;][vc_column][vc_column_text] Metalwork [\/vc_column_text][vc_empty_space height=&#8221;20px&#8221;][vc_column_text] Custom steel and other metals [\/vc_column_text][vc_empty_space height=&#8221;64px&#8221; el_class=&#8221;height-20-mobile&#8221;][vc_single_image image=&#8221;2084&#8243; img_size=&#8221;full&#8221; qode_css_animation=&#8221;&#8221;][\/vc_column][\/vc_row][vc_row css_animation=&#8221;&#8221; row_type=&#8221;row&#8221; use_row_as_full_screen_section=&#8221;no&#8221; type=&#8221;grid&#8221; angled_section=&#8221;no&#8221; text_align=&#8221;left&#8221; background_image_as_pattern=&#8221;without_pattern&#8221; css=&#8221;.vc_custom_1469626294003{padding-top: 3.15% !important;padding-bottom: 11.6% !important;}&#8221;][vc_column offset=&#8221;vc_col-lg-12 vc_col-md-12&#8243;][vc_column_text css=&#8221;.vc_custom_1695254100338{padding-right: 10% !important;}&#8221;] Custom&#8230;<\/p>\n","protected":false},"author":2,"featured_media":0,"parent":0,"menu_order":0,"comment_status":"closed","ping_status":"closed","template":"full_width.php","meta":{"inline_featured_image":false,"footnotes":""},"class_list":["post-2119","page","type-page","status-publish","hentry"],"yoast_head":"<!-- This site is optimized with the Yoast SEO plugin v27.4 - https:\/\/yoast.com\/product\/yoast-seo-wordpress\/ -->\n<title>Metalwork - Woodworking Montreal<\/title>\n<meta name=\"robots\" content=\"index, follow, max-snippet:-1, max-image-preview:large, max-video-preview:-1\" \/>\n<link rel=\"canonical\" href=\"https:\/\/aktuel.ca\/en\/metalwork\/\" \/>\n<meta property=\"og:locale\" content=\"en_US\" \/>\n<meta property=\"og:type\" content=\"article\" \/>\n<meta property=\"og:title\" content=\"Metalwork - Woodworking Montreal\" \/>\n<meta property=\"og:description\" content=\"[vc_row css_animation=&#8221;&#8221; row_type=&#8221;row&#8221; use_row_as_full_screen_section=&#8221;no&#8221; type=&#8221;grid&#8221; angled_section=&#8221;no&#8221; text_align=&#8221;left&#8221; background_image_as_pattern=&#8221;without_pattern&#8221; css=&#8221;.vc_custom_1469625470437{padding-top: 3.3% !important;padding-bottom: 0% !important;}&#8221;][vc_column][vc_column_text] Metalwork [\/vc_column_text][vc_empty_space height=&#8221;20px&#8221;][vc_column_text] Custom steel and other metals [\/vc_column_text][vc_empty_space height=&#8221;64px&#8221; el_class=&#8221;height-20-mobile&#8221;][vc_single_image image=&#8221;2084&#8243; img_size=&#8221;full&#8221; qode_css_animation=&#8221;&#8221;][\/vc_column][\/vc_row][vc_row css_animation=&#8221;&#8221; row_type=&#8221;row&#8221; use_row_as_full_screen_section=&#8221;no&#8221; type=&#8221;grid&#8221; angled_section=&#8221;no&#8221; text_align=&#8221;left&#8221; background_image_as_pattern=&#8221;without_pattern&#8221; css=&#8221;.vc_custom_1469626294003{padding-top: 3.15% !important;padding-bottom: 11.6% !important;}&#8221;][vc_column offset=&#8221;vc_col-lg-12 vc_col-md-12&#8243;][vc_column_text css=&#8221;.vc_custom_1695254100338{padding-right: 10% !important;}&#8221;] Custom...\" \/>\n<meta property=\"og:url\" content=\"https:\/\/aktuel.ca\/en\/metalwork\/\" \/>\n<meta property=\"og:site_name\" content=\"Woodworking Montreal\" \/>\n<meta property=\"article:modified_time\" content=\"2023-09-29T19:41:36+00:00\" \/>\n<meta property=\"og:image\" content=\"https:\/\/aktuel.ca\/wp-content\/uploads\/2023\/09\/logo_ilixfab-300x300.png\" \/>\n<meta name=\"twitter:card\" content=\"summary_large_image\" \/>\n<meta name=\"twitter:label1\" content=\"Est. reading time\" \/>\n\t<meta name=\"twitter:data1\" content=\"2 minutes\" \/>\n<script type=\"application\/ld+json\" class=\"yoast-schema-graph\">{\"@context\":\"https:\\\/\\\/schema.org\",\"@graph\":[{\"@type\":\"WebPage\",\"@id\":\"https:\\\/\\\/aktuel.ca\\\/en\\\/metalwork\\\/\",\"url\":\"https:\\\/\\\/aktuel.ca\\\/en\\\/metalwork\\\/\",\"name\":\"Metalwork - Woodworking Montreal\",\"isPartOf\":{\"@id\":\"https:\\\/\\\/aktuel.ca\\\/en\\\/#website\"},\"primaryImageOfPage\":{\"@id\":\"https:\\\/\\\/aktuel.ca\\\/en\\\/metalwork\\\/#primaryimage\"},\"image\":{\"@id\":\"https:\\\/\\\/aktuel.ca\\\/en\\\/metalwork\\\/#primaryimage\"},\"thumbnailUrl\":\"https:\\\/\\\/aktuel.ca\\\/wp-content\\\/uploads\\\/2023\\\/09\\\/logo_ilixfab-300x300.png\",\"datePublished\":\"2023-09-26T02:41:01+00:00\",\"dateModified\":\"2023-09-29T19:41:36+00:00\",\"breadcrumb\":{\"@id\":\"https:\\\/\\\/aktuel.ca\\\/en\\\/metalwork\\\/#breadcrumb\"},\"inLanguage\":\"en-US\",\"potentialAction\":[{\"@type\":\"ReadAction\",\"target\":[\"https:\\\/\\\/aktuel.ca\\\/en\\\/metalwork\\\/\"]}]},{\"@type\":\"ImageObject\",\"inLanguage\":\"en-US\",\"@id\":\"https:\\\/\\\/aktuel.ca\\\/en\\\/metalwork\\\/#primaryimage\",\"url\":\"https:\\\/\\\/aktuel.ca\\\/wp-content\\\/uploads\\\/2023\\\/09\\\/logo_ilixfab-300x300.png\",\"contentUrl\":\"https:\\\/\\\/aktuel.ca\\\/wp-content\\\/uploads\\\/2023\\\/09\\\/logo_ilixfab-300x300.png\"},{\"@type\":\"BreadcrumbList\",\"@id\":\"https:\\\/\\\/aktuel.ca\\\/en\\\/metalwork\\\/#breadcrumb\",\"itemListElement\":[{\"@type\":\"ListItem\",\"position\":1,\"name\":\"Accueil\",\"item\":\"https:\\\/\\\/aktuel.ca\\\/en\\\/\"},{\"@type\":\"ListItem\",\"position\":2,\"name\":\"Metalwork\"}]},{\"@type\":\"WebSite\",\"@id\":\"https:\\\/\\\/aktuel.ca\\\/en\\\/#website\",\"url\":\"https:\\\/\\\/aktuel.ca\\\/en\\\/\",\"name\":\"\u00c9b\u00e9niste Montr\u00e9al\",\"description\":\"\",\"publisher\":{\"@id\":\"https:\\\/\\\/aktuel.ca\\\/en\\\/#organization\"},\"potentialAction\":[{\"@type\":\"SearchAction\",\"target\":{\"@type\":\"EntryPoint\",\"urlTemplate\":\"https:\\\/\\\/aktuel.ca\\\/en\\\/?s={search_term_string}\"},\"query-input\":{\"@type\":\"PropertyValueSpecification\",\"valueRequired\":true,\"valueName\":\"search_term_string\"}}],\"inLanguage\":\"en-US\"},{\"@type\":\"Organization\",\"@id\":\"https:\\\/\\\/aktuel.ca\\\/en\\\/#organization\",\"name\":\"Aktuel\",\"url\":\"https:\\\/\\\/aktuel.ca\\\/en\\\/\",\"logo\":{\"@type\":\"ImageObject\",\"inLanguage\":\"en-US\",\"@id\":\"https:\\\/\\\/aktuel.ca\\\/en\\\/#\\\/schema\\\/logo\\\/image\\\/\",\"url\":\"https:\\\/\\\/aktuel.ca\\\/wp-content\\\/uploads\\\/2021\\\/02\\\/logo_Aktuel_FR-noir.svg\",\"contentUrl\":\"https:\\\/\\\/aktuel.ca\\\/wp-content\\\/uploads\\\/2021\\\/02\\\/logo_Aktuel_FR-noir.svg\",\"width\":\"1024\",\"height\":\"1024\",\"caption\":\"Aktuel\"},\"image\":{\"@id\":\"https:\\\/\\\/aktuel.ca\\\/en\\\/#\\\/schema\\\/logo\\\/image\\\/\"},\"sameAs\":[\"https:\\\/\\\/www.instagram.com\\\/aktuel_inc\\\/\"]}]}<\/script>\n<!-- \/ Yoast SEO plugin. -->","yoast_head_json":{"title":"Metalwork - Woodworking Montreal","robots":{"index":"index","follow":"follow","max-snippet":"max-snippet:-1","max-image-preview":"max-image-preview:large","max-video-preview":"max-video-preview:-1"},"canonical":"https:\/\/aktuel.ca\/en\/metalwork\/","og_locale":"en_US","og_type":"article","og_title":"Metalwork - Woodworking Montreal","og_description":"[vc_row css_animation=&#8221;&#8221; row_type=&#8221;row&#8221; use_row_as_full_screen_section=&#8221;no&#8221; type=&#8221;grid&#8221; angled_section=&#8221;no&#8221; text_align=&#8221;left&#8221; background_image_as_pattern=&#8221;without_pattern&#8221; css=&#8221;.vc_custom_1469625470437{padding-top: 3.3% !important;padding-bottom: 0% !important;}&#8221;][vc_column][vc_column_text] Metalwork [\/vc_column_text][vc_empty_space height=&#8221;20px&#8221;][vc_column_text] Custom steel and other metals [\/vc_column_text][vc_empty_space height=&#8221;64px&#8221; el_class=&#8221;height-20-mobile&#8221;][vc_single_image image=&#8221;2084&#8243; img_size=&#8221;full&#8221; qode_css_animation=&#8221;&#8221;][\/vc_column][\/vc_row][vc_row css_animation=&#8221;&#8221; row_type=&#8221;row&#8221; use_row_as_full_screen_section=&#8221;no&#8221; type=&#8221;grid&#8221; angled_section=&#8221;no&#8221; text_align=&#8221;left&#8221; background_image_as_pattern=&#8221;without_pattern&#8221; css=&#8221;.vc_custom_1469626294003{padding-top: 3.15% !important;padding-bottom: 11.6% !important;}&#8221;][vc_column offset=&#8221;vc_col-lg-12 vc_col-md-12&#8243;][vc_column_text css=&#8221;.vc_custom_1695254100338{padding-right: 10% !important;}&#8221;] Custom...","og_url":"https:\/\/aktuel.ca\/en\/metalwork\/","og_site_name":"Woodworking Montreal","article_modified_time":"2023-09-29T19:41:36+00:00","og_image":[{"url":"https:\/\/aktuel.ca\/wp-content\/uploads\/2023\/09\/logo_ilixfab-300x300.png","type":"","width":"","height":""}],"twitter_card":"summary_large_image","twitter_misc":{"Est. reading time":"2 minutes"},"schema":{"@context":"https:\/\/schema.org","@graph":[{"@type":"WebPage","@id":"https:\/\/aktuel.ca\/en\/metalwork\/","url":"https:\/\/aktuel.ca\/en\/metalwork\/","name":"Metalwork - Woodworking Montreal","isPartOf":{"@id":"https:\/\/aktuel.ca\/en\/#website"},"primaryImageOfPage":{"@id":"https:\/\/aktuel.ca\/en\/metalwork\/#primaryimage"},"image":{"@id":"https:\/\/aktuel.ca\/en\/metalwork\/#primaryimage"},"thumbnailUrl":"https:\/\/aktuel.ca\/wp-content\/uploads\/2023\/09\/logo_ilixfab-300x300.png","datePublished":"2023-09-26T02:41:01+00:00","dateModified":"2023-09-29T19:41:36+00:00","breadcrumb":{"@id":"https:\/\/aktuel.ca\/en\/metalwork\/#breadcrumb"},"inLanguage":"en-US","potentialAction":[{"@type":"ReadAction","target":["https:\/\/aktuel.ca\/en\/metalwork\/"]}]},{"@type":"ImageObject","inLanguage":"en-US","@id":"https:\/\/aktuel.ca\/en\/metalwork\/#primaryimage","url":"https:\/\/aktuel.ca\/wp-content\/uploads\/2023\/09\/logo_ilixfab-300x300.png","contentUrl":"https:\/\/aktuel.ca\/wp-content\/uploads\/2023\/09\/logo_ilixfab-300x300.png"},{"@type":"BreadcrumbList","@id":"https:\/\/aktuel.ca\/en\/metalwork\/#breadcrumb","itemListElement":[{"@type":"ListItem","position":1,"name":"Accueil","item":"https:\/\/aktuel.ca\/en\/"},{"@type":"ListItem","position":2,"name":"Metalwork"}]},{"@type":"WebSite","@id":"https:\/\/aktuel.ca\/en\/#website","url":"https:\/\/aktuel.ca\/en\/","name":"\u00c9b\u00e9niste Montr\u00e9al","description":"","publisher":{"@id":"https:\/\/aktuel.ca\/en\/#organization"},"potentialAction":[{"@type":"SearchAction","target":{"@type":"EntryPoint","urlTemplate":"https:\/\/aktuel.ca\/en\/?s={search_term_string}"},"query-input":{"@type":"PropertyValueSpecification","valueRequired":true,"valueName":"search_term_string"}}],"inLanguage":"en-US"},{"@type":"Organization","@id":"https:\/\/aktuel.ca\/en\/#organization","name":"Aktuel","url":"https:\/\/aktuel.ca\/en\/","logo":{"@type":"ImageObject","inLanguage":"en-US","@id":"https:\/\/aktuel.ca\/en\/#\/schema\/logo\/image\/","url":"https:\/\/aktuel.ca\/wp-content\/uploads\/2021\/02\/logo_Aktuel_FR-noir.svg","contentUrl":"https:\/\/aktuel.ca\/wp-content\/uploads\/2021\/02\/logo_Aktuel_FR-noir.svg","width":"1024","height":"1024","caption":"Aktuel"},"image":{"@id":"https:\/\/aktuel.ca\/en\/#\/schema\/logo\/image\/"},"sameAs":["https:\/\/www.instagram.com\/aktuel_inc\/"]}]}},"_links":{"self":[{"href":"https:\/\/aktuel.ca\/en\/wp-json\/wp\/v2\/pages\/2119","targetHints":{"allow":["GET"]}}],"collection":[{"href":"https:\/\/aktuel.ca\/en\/wp-json\/wp\/v2\/pages"}],"about":[{"href":"https:\/\/aktuel.ca\/en\/wp-json\/wp\/v2\/types\/page"}],"author":[{"embeddable":true,"href":"https:\/\/aktuel.ca\/en\/wp-json\/wp\/v2\/users\/2"}],"replies":[{"embeddable":true,"href":"https:\/\/aktuel.ca\/en\/wp-json\/wp\/v2\/comments?post=2119"}],"version-history":[{"count":10,"href":"https:\/\/aktuel.ca\/en\/wp-json\/wp\/v2\/pages\/2119\/revisions"}],"predecessor-version":[{"id":2159,"href":"https:\/\/aktuel.ca\/en\/wp-json\/wp\/v2\/pages\/2119\/revisions\/2159"}],"wp:attachment":[{"href":"https:\/\/aktuel.ca\/en\/wp-json\/wp\/v2\/media?parent=2119"}],"curies":[{"name":"wp","href":"https:\/\/api.w.org\/{rel}","templated":true}]}}