{"id":2096,"date":"2023-09-25T21:57:59","date_gmt":"2023-09-26T01:57:59","guid":{"rendered":"https:\/\/aktuel.ca\/home-2\/"},"modified":"2024-01-16T09:24:05","modified_gmt":"2024-01-16T14:24:05","slug":"home-2","status":"publish","type":"page","link":"https:\/\/aktuel.ca\/en\/","title":{"rendered":"Home"},"content":{"rendered":"<div class=\"wpb-content-wrapper\"><p>[vc_row css_animation=&#8221;&#8221; row_type=&#8221;row&#8221; use_row_as_full_screen_section=&#8221;no&#8221; type=&#8221;grid&#8221; angled_section=&#8221;no&#8221; text_align=&#8221;left&#8221; background_image_as_pattern=&#8221;without_pattern&#8221; css=&#8221;.vc_custom_1695653495158{padding-top: 6% !important;padding-bottom: 3% !important;}&#8221; z_index=&#8221;&#8221;][vc_column offset=&#8221;vc_col-lg-4 vc_col-md-12&#8243; css=&#8221;.vc_custom_1601440109625{padding-right: 15% !important;}&#8221;][vc_column_text]<\/p>\n<h2>AKTUEL offers custom services and turnkey management of your woodworking projects.<\/h2>\n<p>[\/vc_column_text][vc_empty_space height=&#8221;54px&#8221; el_class=&#8221;height-20-mobile&#8221;]<div class=\"q_list circle\">\n\tFrom consultation to manufacture and installation, our priority is to assist you according to your needs and to be a partner that is conscientious, professional, and attentive to your expectations. <\/div>[vc_empty_space height=&#8221;20px&#8221;]<a  itemprop=\"url\" href=\"\/about\/\" target=\"_self\"  class=\"qbutton  default\" style=\"\">About us<\/a>[vc_empty_space height=&#8221;60px&#8221;][\/vc_column][vc_column width=&#8221;1\/2&#8243; offset=&#8221;vc_col-lg-4 vc_col-md-6&#8243;][vc_empty_space height=&#8221;10px&#8221;][vc_single_image image=&#8221;1595&#8243; img_size=&#8221;900&#215;900&#8243; qode_css_animation=&#8221;&#8221;][vc_empty_space height=&#8221;20px&#8221;][\/vc_column][vc_column width=&#8221;1\/2&#8243; offset=&#8221;vc_col-lg-4 vc_col-md-6&#8243;][vc_empty_space height=&#8221;10px&#8221;][vc_single_image image=&#8221;2194&#8243; img_size=&#8221;full&#8221; qode_css_animation=&#8221;&#8221;][vc_empty_space height=&#8221;20px&#8221;][\/vc_column][\/vc_row][vc_row css_animation=&#8221;&#8221; row_type=&#8221;row&#8221; use_row_as_full_screen_section=&#8221;no&#8221; type=&#8221;grid&#8221; angled_section=&#8221;no&#8221; text_align=&#8221;left&#8221; background_image_as_pattern=&#8221;without_pattern&#8221; css=&#8221;.vc_custom_1695653406876{padding-top: 1.5% !important;padding-bottom: 0% !important;}&#8221; z_index=&#8221;&#8221;][vc_column width=&#8221;1\/2&#8243; offset=&#8221;vc_col-lg-3 vc_col-md-6&#8243;]<div class=\"image_hover \" data-transition-delay=\"\"><div class=\"images_holder\"><a itemprop=\"url\" href=\"#\" target=\"_self\"><img decoding=\"async\" itemprop=\"image\" class=\"active_image \" src=\"https:\/\/aktuel.ca\/wp-content\/uploads\/2020\/10\/icon_plans-line-1.svg\" alt=\"dessin technique\" style=\"\" \/><img decoding=\"async\" itemprop=\"image\" class=\"hover_image\" src=\"https:\/\/aktuel.ca\/wp-content\/uploads\/2020\/10\/icon_plans-line-1.svg\" alt=\"dessin technique\" style=\"\" \/><\/a><\/div><\/div>[vc_empty_space height=&#8221;34px&#8221; el_class=&#8221;height-20-mobile&#8221;][vc_column_text]<\/p>\n<h2 style=\"text-align: left;\">Respect of your design<\/h2>\n<p>[\/vc_column_text][vc_empty_space height=&#8221;20px&#8221; el_class=&#8221;d-none-mobile&#8221;][vc_column_text]<\/p>\n<p style=\"text-align: left;\">AKTUEL\u00a0<strong>respects the vision and design\u00a0<\/strong>through the search for innovative solutions and the desire to deliver\u00a0<strong>quality work that is accurate to the plans<\/strong>.<\/p>\n<p>[\/vc_column_text][vc_empty_space height=&#8221;40px&#8221;][\/vc_column][vc_column width=&#8221;1\/2&#8243; offset=&#8221;vc_col-lg-3 vc_col-md-6&#8243;]<div class=\"image_hover \" data-transition-delay=\"\"><div class=\"images_holder\"><a itemprop=\"url\" href=\"#\" target=\"_self\"><img decoding=\"async\" itemprop=\"image\" class=\"active_image \" src=\"https:\/\/aktuel.ca\/wp-content\/uploads\/2020\/10\/icon_innovation-line.svg\" alt=\"fabrication de d\u00e9cor\" style=\"\" \/><img decoding=\"async\" itemprop=\"image\" class=\"hover_image\" src=\"https:\/\/aktuel.ca\/wp-content\/uploads\/2020\/10\/icon_innovation-line.svg\" alt=\"fabrication de d\u00e9cor\" style=\"\" \/><\/a><\/div><\/div>[vc_empty_space height=&#8221;34px&#8221; el_class=&#8221;height-20-mobile&#8221;][vc_column_text]<\/p>\n<h2>Innovative thinking<\/h2>\n<p>[\/vc_column_text][vc_empty_space height=&#8221;20px&#8221; el_class=&#8221;d-none-mobile&#8221;][vc_column_text]<\/p>\n<p style=\"text-align: left;\">AKTUEL stands for\u00a0<strong>innovation and continuous improvement<\/strong>\u00a0and strives to stay on top of the latest developments in\u00a0<strong>design, materials, and manufacturing<\/strong>.<\/p>\n<p>[\/vc_column_text][vc_empty_space height=&#8221;70px&#8221;][\/vc_column][vc_column width=&#8221;1\/2&#8243; offset=&#8221;vc_col-lg-3 vc_col-md-6&#8243;]<div class=\"image_hover \" data-transition-delay=\"\"><div class=\"images_holder\"><a itemprop=\"url\" href=\"#\" target=\"_self\"><img decoding=\"async\" itemprop=\"image\" class=\"active_image \" src=\"https:\/\/aktuel.ca\/wp-content\/uploads\/2020\/10\/icon_machinerie-line-1.svg\" alt=\"atelier \u00e9b\u00e9nisterie\" style=\"\" \/><img decoding=\"async\" itemprop=\"image\" class=\"hover_image\" src=\"https:\/\/aktuel.ca\/wp-content\/uploads\/2020\/10\/icon_machinerie-line-1.svg\" alt=\"atelier \u00e9b\u00e9nisterie\" style=\"\" \/><\/a><\/div><\/div>[vc_empty_space height=&#8221;34px&#8221; el_class=&#8221;height-20-mobile&#8221;][vc_column_text]<\/p>\n<div class=\"wpb_text_column wpb_content_element \">\n<div class=\"wpb_wrapper\">\n<h2>State-of-the-art equipment<\/h2>\n<\/div>\n<\/div>\n<p>[\/vc_column_text][vc_empty_space height=&#8221;20px&#8221; el_class=&#8221;d-none-mobile&#8221;][vc_column_text]<\/p>\n<p style=\"text-align: left;\">AKTUEL uses\u00a0<strong>high-tech production equipment<\/strong>. Our facility enables us to execute audacious and complex projects with\u00a0<strong>precision and efficiency<\/strong>.<\/p>\n<p>[\/vc_column_text][vc_empty_space height=&#8221;40px&#8221;][\/vc_column][vc_column width=&#8221;1\/2&#8243; offset=&#8221;vc_col-lg-3 vc_col-md-6&#8243;]<div class=\"image_hover \" data-transition-delay=\"\"><div class=\"images_holder\"><a itemprop=\"url\" href=\"#\" target=\"_self\"><img decoding=\"async\" itemprop=\"image\" class=\"active_image \" src=\"https:\/\/aktuel.ca\/wp-content\/uploads\/2020\/10\/icon_budget-line.svg\" alt=\"atelier d&#039;\u00e9b\u00e9niste\" style=\"\" \/><img decoding=\"async\" itemprop=\"image\" class=\"hover_image\" src=\"https:\/\/aktuel.ca\/wp-content\/uploads\/2020\/10\/icon_budget-line.svg\" alt=\"atelier d&#039;\u00e9b\u00e9niste\" style=\"\" \/><\/a><\/div><\/div>[vc_empty_space height=&#8221;34px&#8221; el_class=&#8221;height-20-mobile&#8221;][vc_column_text]<\/p>\n<h2 style=\"text-align: left;\">Turnkey management<\/h2>\n<p>[\/vc_column_text][vc_empty_space height=&#8221;20px&#8221; el_class=&#8221;d-none-mobile&#8221;][vc_column_text]<\/p>\n<p style=\"text-align: left;\"><strong>Technical planning<\/strong> and <strong>agile manufacturing<\/strong> management allow our team to materialize your projects through rigorous cabinetmaking and metalwork, from manufacturing to installation.<\/p>\n<p>[\/vc_column_text][vc_empty_space height=&#8221;40px&#8221;][\/vc_column][\/vc_row][vc_row css_animation=&#8221;&#8221; row_type=&#8221;row&#8221; use_row_as_full_screen_section=&#8221;no&#8221; type=&#8221;grid&#8221; angled_section=&#8221;no&#8221; text_align=&#8221;left&#8221; background_image_as_pattern=&#8221;without_pattern&#8221; z_index=&#8221;&#8221;][vc_column][vc_empty_space height=&#8221;20px&#8221;]<a  itemprop=\"url\" href=\"\/projects\/\" target=\"_self\"  class=\"qbutton  default\" style=\"\">View our work<\/a>[vc_empty_space height=&#8221;60px&#8221;][\/vc_column][\/vc_row][vc_row css_animation=&#8221;&#8221; row_type=&#8221;row&#8221; use_row_as_full_screen_section=&#8221;no&#8221; type=&#8221;grid&#8221; angled_section=&#8221;no&#8221; text_align=&#8221;center&#8221; background_image_as_pattern=&#8221;without_pattern&#8221; anchor=&#8221;clients&#8221; css=&#8221;.vc_custom_1695653527610{padding-top: 0% !important;padding-bottom: 6% !important;}&#8221; el_class=&#8221;invisible&#8221; z_index=&#8221;&#8221;][vc_column][qode_elements_holder number_of_columns=&#8221;one_column&#8221;][qode_elements_holder_item advanced_animations=&#8221;no&#8221; background_image=&#8221;101&#8243; item_padding=&#8221;10.4% 25% 9.7% 25%&#8221; item_padding_480_600=&#8221;10% 2% 10% 2%&#8221; item_padding_480=&#8221;10% 2% 10% 2%&#8221;][vc_single_image image=&#8221;120&#8243; img_size=&#8221;full&#8221; alignment=&#8221;center&#8221; qode_css_animation=&#8221;&#8221;][vc_empty_space height=&#8221;40px&#8221;]<div class='testimonials_holder clearfix light'><div class=\"testimonials testimonials_carousel\" data-show-navigation=\"yes\" data-animation-type=\"slide\" data-animation-speed=\"\" data-auto-rotate-slides=\"3\" data-number-per-slide=\"1\"><ul class=\"slides\">Sorry, no posts matched your criteria.<\/ul><\/div><\/div>[\/qode_elements_holder_item][\/qode_elements_holder][\/vc_column][\/vc_row][vc_row css_animation=&#8221;&#8221; row_type=&#8221;row&#8221; use_row_as_full_screen_section=&#8221;no&#8221; type=&#8221;grid&#8221; angled_section=&#8221;no&#8221; text_align=&#8221;left&#8221; background_image_as_pattern=&#8221;without_pattern&#8221; anchor=&#8221;about&#8221; css=&#8221;.vc_custom_1695252775594{padding-top: 3% !important;padding-bottom: 4.5% !important;}&#8221; z_index=&#8221;&#8221;][vc_column offset=&#8221;vc_col-lg-12 vc_col-md-12&#8243;][vc_column_text css=&#8221;.vc_custom_1695651883565{padding-right: 5% !important;}&#8221;]<\/p>\n<p style=\"text-align: left;\">Contact us at <a href=\"mailto:info@aktuel.ca\"><strong>info@aktuel.ca<\/strong><\/a> to obtain a quote.<\/p>\n<p>[\/vc_column_text][vc_empty_space height=&#8221;60px&#8221;][\/vc_column][\/vc_row]<\/p>\n<\/div>","protected":false},"excerpt":{"rendered":"<p>[vc_row css_animation=&#8221;&#8221; row_type=&#8221;row&#8221; use_row_as_full_screen_section=&#8221;no&#8221; type=&#8221;grid&#8221; angled_section=&#8221;no&#8221; text_align=&#8221;left&#8221; background_image_as_pattern=&#8221;without_pattern&#8221; css=&#8221;.vc_custom_1695653495158{padding-top: 6% !important;padding-bottom: 3% !important;}&#8221; z_index=&#8221;&#8221;][vc_column offset=&#8221;vc_col-lg-4 vc_col-md-12&#8243; css=&#8221;.vc_custom_1601440109625{padding-right: 15% !important;}&#8221;][vc_column_text] AKTUEL offers custom services and turnkey management of your woodworking projects. [\/vc_column_text][vc_empty_space height=&#8221;54px&#8221; el_class=&#8221;height-20-mobile&#8221;][vc_empty_space height=&#8221;20px&#8221;][vc_empty_space height=&#8221;60px&#8221;][\/vc_column][vc_column width=&#8221;1\/2&#8243; offset=&#8221;vc_col-lg-4 vc_col-md-6&#8243;][vc_empty_space height=&#8221;10px&#8221;][vc_single_image image=&#8221;1595&#8243; img_size=&#8221;900&#215;900&#8243; qode_css_animation=&#8221;&#8221;][vc_empty_space height=&#8221;20px&#8221;][\/vc_column][vc_column width=&#8221;1\/2&#8243; offset=&#8221;vc_col-lg-4&#8230;<\/p>\n","protected":false},"author":2,"featured_media":0,"parent":0,"menu_order":0,"comment_status":"closed","ping_status":"closed","template":"full_width.php","meta":{"inline_featured_image":false,"footnotes":""},"class_list":["post-2096","page","type-page","status-publish","hentry"],"yoast_head":"<!-- This site is optimized with the Yoast SEO plugin v27.3 - https:\/\/yoast.com\/product\/yoast-seo-wordpress\/ -->\n<title>Home - Woodworking Montreal<\/title>\n<meta name=\"robots\" content=\"index, follow, max-snippet:-1, max-image-preview:large, max-video-preview:-1\" \/>\n<link rel=\"canonical\" href=\"https:\/\/aktuel.ca\/en\/\" \/>\n<meta property=\"og:locale\" content=\"en_US\" \/>\n<meta property=\"og:type\" content=\"article\" \/>\n<meta property=\"og:title\" content=\"Home - Woodworking Montreal\" \/>\n<meta property=\"og:description\" content=\"[vc_row css_animation=&#8221;&#8221; row_type=&#8221;row&#8221; use_row_as_full_screen_section=&#8221;no&#8221; type=&#8221;grid&#8221; angled_section=&#8221;no&#8221; text_align=&#8221;left&#8221; background_image_as_pattern=&#8221;without_pattern&#8221; css=&#8221;.vc_custom_1695653495158{padding-top: 6% !important;padding-bottom: 3% !important;}&#8221; z_index=&#8221;&#8221;][vc_column offset=&#8221;vc_col-lg-4 vc_col-md-12&#8243; css=&#8221;.vc_custom_1601440109625{padding-right: 15% !important;}&#8221;][vc_column_text] AKTUEL offers custom services and turnkey management of your woodworking projects. [\/vc_column_text][vc_empty_space height=&#8221;54px&#8221; el_class=&#8221;height-20-mobile&#8221;][vc_empty_space height=&#8221;20px&#8221;][vc_empty_space height=&#8221;60px&#8221;][\/vc_column][vc_column width=&#8221;1\/2&#8243; offset=&#8221;vc_col-lg-4 vc_col-md-6&#8243;][vc_empty_space height=&#8221;10px&#8221;][vc_single_image image=&#8221;1595&#8243; img_size=&#8221;900&#215;900&#8243; qode_css_animation=&#8221;&#8221;][vc_empty_space height=&#8221;20px&#8221;][\/vc_column][vc_column width=&#8221;1\/2&#8243; offset=&#8221;vc_col-lg-4...\" \/>\n<meta property=\"og:url\" content=\"https:\/\/aktuel.ca\/en\/\" \/>\n<meta property=\"og:site_name\" content=\"Woodworking Montreal\" \/>\n<meta property=\"article:modified_time\" content=\"2024-01-16T14:24:05+00:00\" \/>\n<meta property=\"og:image\" content=\"https:\/\/aktuel.ca\/wp-content\/uploads\/2020\/11\/og-image.jpg\" \/>\n\t<meta property=\"og:image:width\" content=\"600\" \/>\n\t<meta property=\"og:image:height\" content=\"314\" \/>\n\t<meta property=\"og:image:type\" content=\"image\/jpeg\" \/>\n<meta name=\"twitter:card\" content=\"summary_large_image\" \/>\n<meta name=\"twitter:label1\" content=\"Est. reading time\" \/>\n\t<meta name=\"twitter:data1\" content=\"2 minutes\" \/>\n<script type=\"application\/ld+json\" class=\"yoast-schema-graph\">{\"@context\":\"https:\\\/\\\/schema.org\",\"@graph\":[{\"@type\":\"WebPage\",\"@id\":\"https:\\\/\\\/aktuel.ca\\\/en\\\/\",\"url\":\"https:\\\/\\\/aktuel.ca\\\/en\\\/\",\"name\":\"Home - Woodworking Montreal\",\"isPartOf\":{\"@id\":\"https:\\\/\\\/aktuel.ca\\\/en\\\/#website\"},\"datePublished\":\"2023-09-26T01:57:59+00:00\",\"dateModified\":\"2024-01-16T14:24:05+00:00\",\"breadcrumb\":{\"@id\":\"https:\\\/\\\/aktuel.ca\\\/en\\\/#breadcrumb\"},\"inLanguage\":\"en-US\",\"potentialAction\":[{\"@type\":\"ReadAction\",\"target\":[\"https:\\\/\\\/aktuel.ca\\\/en\\\/\"]}]},{\"@type\":\"BreadcrumbList\",\"@id\":\"https:\\\/\\\/aktuel.ca\\\/en\\\/#breadcrumb\",\"itemListElement\":[{\"@type\":\"ListItem\",\"position\":1,\"name\":\"Accueil\",\"item\":\"https:\\\/\\\/aktuel.ca\\\/en\\\/\"},{\"@type\":\"ListItem\",\"position\":2,\"name\":\"Home\"}]},{\"@type\":\"WebSite\",\"@id\":\"https:\\\/\\\/aktuel.ca\\\/en\\\/#website\",\"url\":\"https:\\\/\\\/aktuel.ca\\\/en\\\/\",\"name\":\"\u00c9b\u00e9niste Montr\u00e9al\",\"description\":\"\",\"publisher\":{\"@id\":\"https:\\\/\\\/aktuel.ca\\\/en\\\/#organization\"},\"potentialAction\":[{\"@type\":\"SearchAction\",\"target\":{\"@type\":\"EntryPoint\",\"urlTemplate\":\"https:\\\/\\\/aktuel.ca\\\/en\\\/?s={search_term_string}\"},\"query-input\":{\"@type\":\"PropertyValueSpecification\",\"valueRequired\":true,\"valueName\":\"search_term_string\"}}],\"inLanguage\":\"en-US\"},{\"@type\":\"Organization\",\"@id\":\"https:\\\/\\\/aktuel.ca\\\/en\\\/#organization\",\"name\":\"Aktuel\",\"url\":\"https:\\\/\\\/aktuel.ca\\\/en\\\/\",\"logo\":{\"@type\":\"ImageObject\",\"inLanguage\":\"en-US\",\"@id\":\"https:\\\/\\\/aktuel.ca\\\/en\\\/#\\\/schema\\\/logo\\\/image\\\/\",\"url\":\"https:\\\/\\\/aktuel.ca\\\/wp-content\\\/uploads\\\/2021\\\/02\\\/logo_Aktuel_FR-noir.svg\",\"contentUrl\":\"https:\\\/\\\/aktuel.ca\\\/wp-content\\\/uploads\\\/2021\\\/02\\\/logo_Aktuel_FR-noir.svg\",\"width\":\"1024\",\"height\":\"1024\",\"caption\":\"Aktuel\"},\"image\":{\"@id\":\"https:\\\/\\\/aktuel.ca\\\/en\\\/#\\\/schema\\\/logo\\\/image\\\/\"},\"sameAs\":[\"https:\\\/\\\/www.instagram.com\\\/aktuel_inc\\\/\"]}]}<\/script>\n<!-- \/ Yoast SEO plugin. -->","yoast_head_json":{"title":"Home - Woodworking Montreal","robots":{"index":"index","follow":"follow","max-snippet":"max-snippet:-1","max-image-preview":"max-image-preview:large","max-video-preview":"max-video-preview:-1"},"canonical":"https:\/\/aktuel.ca\/en\/","og_locale":"en_US","og_type":"article","og_title":"Home - Woodworking Montreal","og_description":"[vc_row css_animation=&#8221;&#8221; row_type=&#8221;row&#8221; use_row_as_full_screen_section=&#8221;no&#8221; type=&#8221;grid&#8221; angled_section=&#8221;no&#8221; text_align=&#8221;left&#8221; background_image_as_pattern=&#8221;without_pattern&#8221; css=&#8221;.vc_custom_1695653495158{padding-top: 6% !important;padding-bottom: 3% !important;}&#8221; z_index=&#8221;&#8221;][vc_column offset=&#8221;vc_col-lg-4 vc_col-md-12&#8243; css=&#8221;.vc_custom_1601440109625{padding-right: 15% !important;}&#8221;][vc_column_text] AKTUEL offers custom services and turnkey management of your woodworking projects. [\/vc_column_text][vc_empty_space height=&#8221;54px&#8221; el_class=&#8221;height-20-mobile&#8221;][vc_empty_space height=&#8221;20px&#8221;][vc_empty_space height=&#8221;60px&#8221;][\/vc_column][vc_column width=&#8221;1\/2&#8243; offset=&#8221;vc_col-lg-4 vc_col-md-6&#8243;][vc_empty_space height=&#8221;10px&#8221;][vc_single_image image=&#8221;1595&#8243; img_size=&#8221;900&#215;900&#8243; qode_css_animation=&#8221;&#8221;][vc_empty_space height=&#8221;20px&#8221;][\/vc_column][vc_column width=&#8221;1\/2&#8243; offset=&#8221;vc_col-lg-4...","og_url":"https:\/\/aktuel.ca\/en\/","og_site_name":"Woodworking Montreal","article_modified_time":"2024-01-16T14:24:05+00:00","og_image":[{"width":600,"height":314,"url":"https:\/\/aktuel.ca\/wp-content\/uploads\/2020\/11\/og-image.jpg","type":"image\/jpeg"}],"twitter_card":"summary_large_image","twitter_misc":{"Est. reading time":"2 minutes"},"schema":{"@context":"https:\/\/schema.org","@graph":[{"@type":"WebPage","@id":"https:\/\/aktuel.ca\/en\/","url":"https:\/\/aktuel.ca\/en\/","name":"Home - Woodworking Montreal","isPartOf":{"@id":"https:\/\/aktuel.ca\/en\/#website"},"datePublished":"2023-09-26T01:57:59+00:00","dateModified":"2024-01-16T14:24:05+00:00","breadcrumb":{"@id":"https:\/\/aktuel.ca\/en\/#breadcrumb"},"inLanguage":"en-US","potentialAction":[{"@type":"ReadAction","target":["https:\/\/aktuel.ca\/en\/"]}]},{"@type":"BreadcrumbList","@id":"https:\/\/aktuel.ca\/en\/#breadcrumb","itemListElement":[{"@type":"ListItem","position":1,"name":"Accueil","item":"https:\/\/aktuel.ca\/en\/"},{"@type":"ListItem","position":2,"name":"Home"}]},{"@type":"WebSite","@id":"https:\/\/aktuel.ca\/en\/#website","url":"https:\/\/aktuel.ca\/en\/","name":"\u00c9b\u00e9niste Montr\u00e9al","description":"","publisher":{"@id":"https:\/\/aktuel.ca\/en\/#organization"},"potentialAction":[{"@type":"SearchAction","target":{"@type":"EntryPoint","urlTemplate":"https:\/\/aktuel.ca\/en\/?s={search_term_string}"},"query-input":{"@type":"PropertyValueSpecification","valueRequired":true,"valueName":"search_term_string"}}],"inLanguage":"en-US"},{"@type":"Organization","@id":"https:\/\/aktuel.ca\/en\/#organization","name":"Aktuel","url":"https:\/\/aktuel.ca\/en\/","logo":{"@type":"ImageObject","inLanguage":"en-US","@id":"https:\/\/aktuel.ca\/en\/#\/schema\/logo\/image\/","url":"https:\/\/aktuel.ca\/wp-content\/uploads\/2021\/02\/logo_Aktuel_FR-noir.svg","contentUrl":"https:\/\/aktuel.ca\/wp-content\/uploads\/2021\/02\/logo_Aktuel_FR-noir.svg","width":"1024","height":"1024","caption":"Aktuel"},"image":{"@id":"https:\/\/aktuel.ca\/en\/#\/schema\/logo\/image\/"},"sameAs":["https:\/\/www.instagram.com\/aktuel_inc\/"]}]}},"_links":{"self":[{"href":"https:\/\/aktuel.ca\/en\/wp-json\/wp\/v2\/pages\/2096","targetHints":{"allow":["GET"]}}],"collection":[{"href":"https:\/\/aktuel.ca\/en\/wp-json\/wp\/v2\/pages"}],"about":[{"href":"https:\/\/aktuel.ca\/en\/wp-json\/wp\/v2\/types\/page"}],"author":[{"embeddable":true,"href":"https:\/\/aktuel.ca\/en\/wp-json\/wp\/v2\/users\/2"}],"replies":[{"embeddable":true,"href":"https:\/\/aktuel.ca\/en\/wp-json\/wp\/v2\/comments?post=2096"}],"version-history":[{"count":8,"href":"https:\/\/aktuel.ca\/en\/wp-json\/wp\/v2\/pages\/2096\/revisions"}],"predecessor-version":[{"id":2204,"href":"https:\/\/aktuel.ca\/en\/wp-json\/wp\/v2\/pages\/2096\/revisions\/2204"}],"wp:attachment":[{"href":"https:\/\/aktuel.ca\/en\/wp-json\/wp\/v2\/media?parent=2096"}],"curies":[{"name":"wp","href":"https:\/\/api.w.org\/{rel}","templated":true}]}}