{"id":1040,"date":"2020-10-21T19:05:48","date_gmt":"2020-10-21T19:05:48","guid":{"rendered":"https:\/\/aktuel.ca\/expertise\/"},"modified":"2023-09-26T13:55:41","modified_gmt":"2023-09-26T17:55:41","slug":"expertise","status":"publish","type":"page","link":"https:\/\/aktuel.ca\/en\/expertise\/","title":{"rendered":"Expertise"},"content":{"rendered":"<div class=\"wpb-content-wrapper\"><p>[vc_row css_animation=&#8221;&#8221; row_type=&#8221;row&#8221; use_row_as_full_screen_section=&#8221;no&#8221; type=&#8221;grid&#8221; angled_section=&#8221;no&#8221; text_align=&#8221;left&#8221; background_image_as_pattern=&#8221;without_pattern&#8221; anchor=&#8221;about&#8221; css=&#8221;.vc_custom_1695653287753{padding-top: 3.3% !important;padding-bottom: 0px !important;}&#8221; z_index=&#8221;&#8221;][vc_column offset=&#8221;vc_col-lg-12 vc_col-md-12&#8243;][vc_column_text]<\/p>\n<h1>Our services<\/h1>\n<p>[\/vc_column_text][vc_empty_space height=&#8221;15px&#8221;][vc_column_text]<\/p>\n<h4 style=\"text-align: left;\">We custom build the impossible<\/h4>\n<p>[\/vc_column_text][vc_empty_space height=&#8221;64px&#8221; el_class=&#8221;height-40-mobile&#8221;]<div class='qode_image_gallery_no_space '>\n            <div class='qode_image_gallery_holder' style='height: 460px;'>\n                <ul ><li >\n                    <div style=\"height: 460px; width:1312px;\"><img decoding=\"async\" itemprop=\"image\" src=\"https:\/\/aktuel.ca\/wp-content\/uploads\/2020\/10\/diaporama-expertise03-scaled.jpg\" alt=\"\" \/><\/div><\/li><li >\n                    <div style=\"height: 460px; width:1312px;\"><img decoding=\"async\" itemprop=\"image\" src=\"https:\/\/aktuel.ca\/wp-content\/uploads\/2020\/10\/diaporama-expertise06-scaled.jpg\" alt=\"\" \/><\/div><\/li><li >\n                    <div style=\"height: 460px; width:1312px;\"><img decoding=\"async\" itemprop=\"image\" src=\"https:\/\/aktuel.ca\/wp-content\/uploads\/2020\/10\/diaporama-expertise07-scaled.jpg\" alt=\"\" \/><\/div><\/li><li >\n                    <div style=\"height: 460px; width:1312px;\"><img decoding=\"async\" itemprop=\"image\" src=\"https:\/\/aktuel.ca\/wp-content\/uploads\/2020\/10\/diaporama-expertise10-scaled.jpg\" alt=\"\" \/><\/div><\/li><li >\n                    <div style=\"height: 460px; width:1312px;\"><img decoding=\"async\" itemprop=\"image\" src=\"https:\/\/aktuel.ca\/wp-content\/uploads\/2020\/10\/diaporama-expertise05-scaled.jpg\" alt=\"\" \/><\/div><\/li><li >\n                    <div style=\"height: 460px; width:1312px;\"><img decoding=\"async\" itemprop=\"image\" src=\"https:\/\/aktuel.ca\/wp-content\/uploads\/2020\/10\/diaporama-expertise08-scaled.jpg\" alt=\"\" \/><\/div><\/li><\/ul>\n          <\/div>\n          <div class='controls'>\n              <a class='prev-slide' href='#'><span><i class='fa fa-angle-left'><\/i><\/span><\/a>\n              <a class='next-slide' href='#'><span><i class='fa fa-angle-right'><\/i><\/span><\/a>\n          <\/div>\n      <\/div>[\/vc_column][\/vc_row][vc_row css_animation=&#8221;&#8221; row_type=&#8221;row&#8221; use_row_as_full_screen_section=&#8221;no&#8221; type=&#8221;grid&#8221; angled_section=&#8221;no&#8221; text_align=&#8221;left&#8221; background_image_as_pattern=&#8221;without_pattern&#8221; anchor=&#8221;about&#8221; css=&#8221;.vc_custom_1695653166899{padding-top: 3% !important;padding-bottom: 4% !important;}&#8221; z_index=&#8221;&#8221;][vc_column offset=&#8221;vc_col-lg-12 vc_col-md-12&#8243;][vc_column_text]<\/p>\n<h2 style=\"text-align: left;\">Architectural millwork &#038; metalworking shop<\/h2>\n<p>[\/vc_column_text][vc_empty_space height=&#8221;20px&#8221; el_class=&#8221;d-none-mobile&#8221;][vc_column_text]<\/p>\n<p style=\"text-align: left;\">We offer personalized services and<strong> turnkey management<\/strong> of your <strong>custom furniture<\/strong> or <strong>superior architectural wood and metalwork projects<\/strong>.<\/p>\n<p style=\"text-align: left;\">We can meet high technical design requirements. Our team of enthusiasts is made up of experienced<strong> cabinetmakers and welders, project managers, technical draftsmen, industrial designers, CNC operators and painter-finishers.<\/strong> Each member has an overview of the projects and can participate in one or other of the production stages. We support you in the <strong>design, manufacturing, finishing and installation<\/strong> stages.<\/p>\n<p style=\"text-align: left;\">Our exhaustive knowledge of the most diverse materials and our ability to adapt are solid assets for our customers. They allow us to detect design or construction problems, and to propose alternatives to make the necessary corrections. The search for solutions and the desire to provide a high-quality final product are part of our collective DNA. We participate in the realization of residential, commercial and cultural projects.<\/p>\n<p>[\/vc_column_text][\/vc_column][\/vc_row][vc_row css_animation=&#8221;&#8221; row_type=&#8221;row&#8221; use_row_as_full_screen_section=&#8221;no&#8221; type=&#8221;grid&#8221; angled_section=&#8221;no&#8221; text_align=&#8221;left&#8221; background_image_as_pattern=&#8221;without_pattern&#8221; css=&#8221;.vc_custom_1695653340458{padding-top: 0.3% !important;padding-right: 1% !important;padding-bottom: 0% !important;padding-left: 1% !important;}&#8221; z_index=&#8221;&#8221;][vc_column width=&#8221;1\/3&#8243; offset=&#8221;vc_col-lg-4 vc_col-md-6&#8243;]<div class=\"image_hover \" data-transition-delay=\"\"><div class=\"images_holder\"><img decoding=\"async\" itemprop=\"image\" class=\"active_image \" src=\"https:\/\/aktuel.ca\/wp-content\/uploads\/2023\/09\/icon_residentiel2.svg\" alt=\"Main Image\" style=\"\" \/><img decoding=\"async\" itemprop=\"image\" class=\"hover_image\" src=\"https:\/\/aktuel.ca\/wp-content\/uploads\/2023\/09\/icon_residentiel2.svg\" alt=\"Hover Image\" style=\"\" \/><\/div><\/div>[vc_empty_space height=&#8221;34px&#8221; el_class=&#8221;height-20-mobile&#8221;][vc_column_text]<\/p>\n<h2 style=\"text-align: left;\">Residential<\/h2>\n<p>[\/vc_column_text][vc_empty_space height=&#8221;20px&#8221; el_class=&#8221;d-none-mobile&#8221;][vc_column_text css=&#8221;.vc_custom_1695249755949{padding-right: 5% !important;}&#8221;]Our exhaustive knowledge of the most diverse materials and our ability to adapt are solid assets for our customers. They allow us to detect design or construction problems, and to propose alternatives to make the necessary corrections. The search for solutions and the desire to provide a high-quality final product are part of our collective DNA. We participate in the realization of residential, commercial and cultural projects.[\/vc_column_text][vc_empty_space height=&#8221;39px&#8221; el_class=&#8221;height-20-mobile&#8221;]<a  itemprop=\"url\" href=\"\/projects\/residential\" target=\"_self\"  class=\"qbutton  default\" style=\"\">View our projects<\/a>[vc_empty_space height=&#8221;60px&#8221;][\/vc_column][vc_column width=&#8221;1\/3&#8243; offset=&#8221;vc_col-lg-4 vc_col-md-6&#8243;]<div class=\"image_hover \" data-transition-delay=\"\"><div class=\"images_holder\"><img decoding=\"async\" itemprop=\"image\" class=\"active_image \" src=\"https:\/\/aktuel.ca\/wp-content\/uploads\/2020\/10\/icon_commercial.svg\" alt=\"Main Image\" style=\"\" \/><img decoding=\"async\" itemprop=\"image\" class=\"hover_image\" src=\"https:\/\/aktuel.ca\/wp-content\/uploads\/2020\/10\/icon_commercial.svg\" alt=\"Hover Image\" style=\"\" \/><\/div><\/div>[vc_empty_space height=&#8221;34px&#8221; el_class=&#8221;height-20-mobile&#8221;][vc_column_text]<\/p>\n<h2 style=\"text-align: left;\">Commercial<\/h2>\n<p>[\/vc_column_text][vc_empty_space height=&#8221;20px&#8221; el_class=&#8221;d-none-mobile&#8221;][vc_column_text css=&#8221;.vc_custom_1695249778787{padding-right: 5% !important;}&#8221;]By respecting technical specifications and ensuring impeccable manufacturing and installation quality, we deliver projects that meet the most stringent requirements. With our serious work, our follow-ups which take your needs into account and our understanding of your issues, we surround our achievements with first-rate management, from manufacturing to installation![\/vc_column_text][vc_empty_space height=&#8221;40px&#8221; el_class=&#8221;height-20-mobile&#8221;]<a  itemprop=\"url\" href=\"\/projects\/commercial\" target=\"_self\"  class=\"qbutton  default\" style=\"\">View our projects<\/a>[vc_empty_space height=&#8221;60px&#8221;][\/vc_column][vc_column width=&#8221;1\/3&#8243; offset=&#8221;vc_col-lg-4 vc_col-md-6&#8243;]<div class=\"image_hover \" data-transition-delay=\"\"><div class=\"images_holder\"><img decoding=\"async\" itemprop=\"image\" class=\"active_image \" src=\"https:\/\/aktuel.ca\/wp-content\/uploads\/2020\/10\/icon_culturel.svg\" alt=\"Main Image\" style=\"\" \/><img decoding=\"async\" itemprop=\"image\" class=\"hover_image\" src=\"https:\/\/aktuel.ca\/wp-content\/uploads\/2020\/10\/icon_culturel.svg\" alt=\"Hover Image\" style=\"\" \/><\/div><\/div>[vc_empty_space height=&#8221;34px&#8221; el_class=&#8221;height-20-mobile&#8221;][vc_column_text]<\/p>\n<h2 style=\"text-align: left;\">Cultural<\/h2>\n<p>[\/vc_column_text][vc_empty_space height=&#8221;20px&#8221; el_class=&#8221;d-none-mobile&#8221;][vc_column_text css=&#8221;.vc_custom_1695249800912{padding-right: 5% !important;}&#8221;]We have extensive experience in creating original and complex museum designs. With our in-depth mastery of custom cutting, assembly, finishing and installation techniques, we are proud to have participated in the implementation of internationally acclaimed museum exhibitions.[\/vc_column_text][vc_empty_space height=&#8221;40px&#8221; el_class=&#8221;height-20-mobile&#8221;]<a  itemprop=\"url\" href=\"\/projects\/cultural\" target=\"_self\"  class=\"qbutton  default\" style=\"\">View our projects<\/a>[vc_empty_space height=&#8221;60px&#8221;][\/vc_column][\/vc_row][vc_row css_animation=&#8221;&#8221; row_type=&#8221;row&#8221; use_row_as_full_screen_section=&#8221;no&#8221; type=&#8221;grid&#8221; angled_section=&#8221;no&#8221; text_align=&#8221;left&#8221; background_image_as_pattern=&#8221;without_pattern&#8221; anchor=&#8221;about&#8221; css=&#8221;.vc_custom_1695653105023{padding-top: 1% !important;padding-bottom: 3% !important;}&#8221; z_index=&#8221;&#8221;][vc_column offset=&#8221;vc_col-lg-12 vc_col-md-12&#8243;][vc_column_text css=&#8221;.vc_custom_1695653005942{padding-right: 5% !important;}&#8221;]All our projects are turnkey.<\/p>\n<p style=\"text-align: left;\">Contact us at  <a href=\"mailto:info@aktuel.ca\"><strong>info@aktuel.ca<\/strong><\/a> to get a quote.<\/p>\n<p>[\/vc_column_text][vc_empty_space height=&#8221;60px&#8221;][\/vc_column][\/vc_row]<\/p>\n<\/div>","protected":false},"excerpt":{"rendered":"<p>[vc_row css_animation=&#8221;&#8221; row_type=&#8221;row&#8221; use_row_as_full_screen_section=&#8221;no&#8221; type=&#8221;grid&#8221; angled_section=&#8221;no&#8221; text_align=&#8221;left&#8221; background_image_as_pattern=&#8221;without_pattern&#8221; anchor=&#8221;about&#8221; css=&#8221;.vc_custom_1695653287753{padding-top: 3.3% !important;padding-bottom: 0px !important;}&#8221; z_index=&#8221;&#8221;][vc_column offset=&#8221;vc_col-lg-12 vc_col-md-12&#8243;][vc_column_text] Our services [\/vc_column_text][vc_empty_space height=&#8221;15px&#8221;][vc_column_text] We custom build the impossible [\/vc_column_text][vc_empty_space height=&#8221;64px&#8221; el_class=&#8221;height-40-mobile&#8221;][\/vc_column][\/vc_row][vc_row css_animation=&#8221;&#8221; row_type=&#8221;row&#8221; use_row_as_full_screen_section=&#8221;no&#8221; type=&#8221;grid&#8221; angled_section=&#8221;no&#8221; text_align=&#8221;left&#8221; background_image_as_pattern=&#8221;without_pattern&#8221; anchor=&#8221;about&#8221; css=&#8221;.vc_custom_1695653166899{padding-top: 3% !important;padding-bottom: 4% !important;}&#8221; z_index=&#8221;&#8221;][vc_column offset=&#8221;vc_col-lg-12 vc_col-md-12&#8243;][vc_column_text]&#8230;<\/p>\n","protected":false},"author":2,"featured_media":0,"parent":0,"menu_order":0,"comment_status":"closed","ping_status":"closed","template":"full_width.php","meta":{"inline_featured_image":false,"footnotes":""},"class_list":["post-1040","page","type-page","status-publish","hentry"],"yoast_head":"<!-- This site is optimized with the Yoast SEO plugin v27.4 - https:\/\/yoast.com\/product\/yoast-seo-wordpress\/ -->\n<title>Expertise - Woodworking Montreal<\/title>\n<meta name=\"robots\" content=\"index, follow, max-snippet:-1, max-image-preview:large, max-video-preview:-1\" \/>\n<link rel=\"canonical\" href=\"https:\/\/aktuel.ca\/services\/\" \/>\n<meta property=\"og:locale\" content=\"en_US\" \/>\n<meta property=\"og:type\" content=\"article\" \/>\n<meta property=\"og:title\" content=\"Expertise - Woodworking Montreal\" \/>\n<meta property=\"og:description\" content=\"[vc_row css_animation=&#8221;&#8221; row_type=&#8221;row&#8221; use_row_as_full_screen_section=&#8221;no&#8221; type=&#8221;grid&#8221; angled_section=&#8221;no&#8221; text_align=&#8221;left&#8221; background_image_as_pattern=&#8221;without_pattern&#8221; anchor=&#8221;about&#8221; css=&#8221;.vc_custom_1695653287753{padding-top: 3.3% !important;padding-bottom: 0px !important;}&#8221; z_index=&#8221;&#8221;][vc_column offset=&#8221;vc_col-lg-12 vc_col-md-12&#8243;][vc_column_text] Our services [\/vc_column_text][vc_empty_space height=&#8221;15px&#8221;][vc_column_text] We custom build the impossible [\/vc_column_text][vc_empty_space height=&#8221;64px&#8221; el_class=&#8221;height-40-mobile&#8221;][\/vc_column][\/vc_row][vc_row css_animation=&#8221;&#8221; row_type=&#8221;row&#8221; use_row_as_full_screen_section=&#8221;no&#8221; type=&#8221;grid&#8221; angled_section=&#8221;no&#8221; text_align=&#8221;left&#8221; background_image_as_pattern=&#8221;without_pattern&#8221; anchor=&#8221;about&#8221; css=&#8221;.vc_custom_1695653166899{padding-top: 3% !important;padding-bottom: 4% !important;}&#8221; z_index=&#8221;&#8221;][vc_column offset=&#8221;vc_col-lg-12 vc_col-md-12&#8243;][vc_column_text]...\" \/>\n<meta property=\"og:url\" content=\"https:\/\/aktuel.ca\/services\/\" \/>\n<meta property=\"og:site_name\" content=\"Woodworking Montreal\" \/>\n<meta property=\"article:modified_time\" content=\"2023-09-26T17:55:41+00:00\" \/>\n<meta property=\"og:image\" content=\"https:\/\/aktuel.ca\/wp-content\/uploads\/2020\/11\/og-image.jpg\" \/>\n\t<meta property=\"og:image:width\" content=\"600\" \/>\n\t<meta property=\"og:image:height\" content=\"314\" \/>\n\t<meta property=\"og:image:type\" content=\"image\/jpeg\" \/>\n<meta name=\"twitter:card\" content=\"summary_large_image\" \/>\n<meta name=\"twitter:label1\" content=\"Est. reading time\" \/>\n\t<meta name=\"twitter:data1\" content=\"4 minutes\" \/>\n<script type=\"application\/ld+json\" class=\"yoast-schema-graph\">{\"@context\":\"https:\\\/\\\/schema.org\",\"@graph\":[{\"@type\":\"WebPage\",\"@id\":\"https:\\\/\\\/aktuel.ca\\\/services\\\/\",\"url\":\"https:\\\/\\\/aktuel.ca\\\/services\\\/\",\"name\":\"Expertise - Woodworking Montreal\",\"isPartOf\":{\"@id\":\"https:\\\/\\\/aktuel.ca\\\/en\\\/#website\"},\"datePublished\":\"2020-10-21T19:05:48+00:00\",\"dateModified\":\"2023-09-26T17:55:41+00:00\",\"breadcrumb\":{\"@id\":\"https:\\\/\\\/aktuel.ca\\\/services\\\/#breadcrumb\"},\"inLanguage\":\"en-US\",\"potentialAction\":[{\"@type\":\"ReadAction\",\"target\":[\"https:\\\/\\\/aktuel.ca\\\/services\\\/\"]}]},{\"@type\":\"BreadcrumbList\",\"@id\":\"https:\\\/\\\/aktuel.ca\\\/services\\\/#breadcrumb\",\"itemListElement\":[{\"@type\":\"ListItem\",\"position\":1,\"name\":\"Accueil\",\"item\":\"https:\\\/\\\/aktuel.ca\\\/en\\\/\"},{\"@type\":\"ListItem\",\"position\":2,\"name\":\"Expertise\"}]},{\"@type\":\"WebSite\",\"@id\":\"https:\\\/\\\/aktuel.ca\\\/en\\\/#website\",\"url\":\"https:\\\/\\\/aktuel.ca\\\/en\\\/\",\"name\":\"\u00c9b\u00e9niste Montr\u00e9al\",\"description\":\"\",\"publisher\":{\"@id\":\"https:\\\/\\\/aktuel.ca\\\/en\\\/#organization\"},\"potentialAction\":[{\"@type\":\"SearchAction\",\"target\":{\"@type\":\"EntryPoint\",\"urlTemplate\":\"https:\\\/\\\/aktuel.ca\\\/en\\\/?s={search_term_string}\"},\"query-input\":{\"@type\":\"PropertyValueSpecification\",\"valueRequired\":true,\"valueName\":\"search_term_string\"}}],\"inLanguage\":\"en-US\"},{\"@type\":\"Organization\",\"@id\":\"https:\\\/\\\/aktuel.ca\\\/en\\\/#organization\",\"name\":\"Aktuel\",\"url\":\"https:\\\/\\\/aktuel.ca\\\/en\\\/\",\"logo\":{\"@type\":\"ImageObject\",\"inLanguage\":\"en-US\",\"@id\":\"https:\\\/\\\/aktuel.ca\\\/en\\\/#\\\/schema\\\/logo\\\/image\\\/\",\"url\":\"https:\\\/\\\/aktuel.ca\\\/wp-content\\\/uploads\\\/2021\\\/02\\\/logo_Aktuel_FR-noir.svg\",\"contentUrl\":\"https:\\\/\\\/aktuel.ca\\\/wp-content\\\/uploads\\\/2021\\\/02\\\/logo_Aktuel_FR-noir.svg\",\"width\":\"1024\",\"height\":\"1024\",\"caption\":\"Aktuel\"},\"image\":{\"@id\":\"https:\\\/\\\/aktuel.ca\\\/en\\\/#\\\/schema\\\/logo\\\/image\\\/\"},\"sameAs\":[\"https:\\\/\\\/www.instagram.com\\\/aktuel_inc\\\/\"]}]}<\/script>\n<!-- \/ Yoast SEO plugin. -->","yoast_head_json":{"title":"Expertise - Woodworking Montreal","robots":{"index":"index","follow":"follow","max-snippet":"max-snippet:-1","max-image-preview":"max-image-preview:large","max-video-preview":"max-video-preview:-1"},"canonical":"https:\/\/aktuel.ca\/services\/","og_locale":"en_US","og_type":"article","og_title":"Expertise - Woodworking Montreal","og_description":"[vc_row css_animation=&#8221;&#8221; row_type=&#8221;row&#8221; use_row_as_full_screen_section=&#8221;no&#8221; type=&#8221;grid&#8221; angled_section=&#8221;no&#8221; text_align=&#8221;left&#8221; background_image_as_pattern=&#8221;without_pattern&#8221; anchor=&#8221;about&#8221; css=&#8221;.vc_custom_1695653287753{padding-top: 3.3% !important;padding-bottom: 0px !important;}&#8221; z_index=&#8221;&#8221;][vc_column offset=&#8221;vc_col-lg-12 vc_col-md-12&#8243;][vc_column_text] Our services [\/vc_column_text][vc_empty_space height=&#8221;15px&#8221;][vc_column_text] We custom build the impossible [\/vc_column_text][vc_empty_space height=&#8221;64px&#8221; el_class=&#8221;height-40-mobile&#8221;][\/vc_column][\/vc_row][vc_row css_animation=&#8221;&#8221; row_type=&#8221;row&#8221; use_row_as_full_screen_section=&#8221;no&#8221; type=&#8221;grid&#8221; angled_section=&#8221;no&#8221; text_align=&#8221;left&#8221; background_image_as_pattern=&#8221;without_pattern&#8221; anchor=&#8221;about&#8221; css=&#8221;.vc_custom_1695653166899{padding-top: 3% !important;padding-bottom: 4% !important;}&#8221; z_index=&#8221;&#8221;][vc_column offset=&#8221;vc_col-lg-12 vc_col-md-12&#8243;][vc_column_text]...","og_url":"https:\/\/aktuel.ca\/services\/","og_site_name":"Woodworking Montreal","article_modified_time":"2023-09-26T17:55:41+00:00","og_image":[{"width":600,"height":314,"url":"https:\/\/aktuel.ca\/wp-content\/uploads\/2020\/11\/og-image.jpg","type":"image\/jpeg"}],"twitter_card":"summary_large_image","twitter_misc":{"Est. reading time":"4 minutes"},"schema":{"@context":"https:\/\/schema.org","@graph":[{"@type":"WebPage","@id":"https:\/\/aktuel.ca\/services\/","url":"https:\/\/aktuel.ca\/services\/","name":"Expertise - Woodworking Montreal","isPartOf":{"@id":"https:\/\/aktuel.ca\/en\/#website"},"datePublished":"2020-10-21T19:05:48+00:00","dateModified":"2023-09-26T17:55:41+00:00","breadcrumb":{"@id":"https:\/\/aktuel.ca\/services\/#breadcrumb"},"inLanguage":"en-US","potentialAction":[{"@type":"ReadAction","target":["https:\/\/aktuel.ca\/services\/"]}]},{"@type":"BreadcrumbList","@id":"https:\/\/aktuel.ca\/services\/#breadcrumb","itemListElement":[{"@type":"ListItem","position":1,"name":"Accueil","item":"https:\/\/aktuel.ca\/en\/"},{"@type":"ListItem","position":2,"name":"Expertise"}]},{"@type":"WebSite","@id":"https:\/\/aktuel.ca\/en\/#website","url":"https:\/\/aktuel.ca\/en\/","name":"\u00c9b\u00e9niste Montr\u00e9al","description":"","publisher":{"@id":"https:\/\/aktuel.ca\/en\/#organization"},"potentialAction":[{"@type":"SearchAction","target":{"@type":"EntryPoint","urlTemplate":"https:\/\/aktuel.ca\/en\/?s={search_term_string}"},"query-input":{"@type":"PropertyValueSpecification","valueRequired":true,"valueName":"search_term_string"}}],"inLanguage":"en-US"},{"@type":"Organization","@id":"https:\/\/aktuel.ca\/en\/#organization","name":"Aktuel","url":"https:\/\/aktuel.ca\/en\/","logo":{"@type":"ImageObject","inLanguage":"en-US","@id":"https:\/\/aktuel.ca\/en\/#\/schema\/logo\/image\/","url":"https:\/\/aktuel.ca\/wp-content\/uploads\/2021\/02\/logo_Aktuel_FR-noir.svg","contentUrl":"https:\/\/aktuel.ca\/wp-content\/uploads\/2021\/02\/logo_Aktuel_FR-noir.svg","width":"1024","height":"1024","caption":"Aktuel"},"image":{"@id":"https:\/\/aktuel.ca\/en\/#\/schema\/logo\/image\/"},"sameAs":["https:\/\/www.instagram.com\/aktuel_inc\/"]}]}},"_links":{"self":[{"href":"https:\/\/aktuel.ca\/en\/wp-json\/wp\/v2\/pages\/1040","targetHints":{"allow":["GET"]}}],"collection":[{"href":"https:\/\/aktuel.ca\/en\/wp-json\/wp\/v2\/pages"}],"about":[{"href":"https:\/\/aktuel.ca\/en\/wp-json\/wp\/v2\/types\/page"}],"author":[{"embeddable":true,"href":"https:\/\/aktuel.ca\/en\/wp-json\/wp\/v2\/users\/2"}],"replies":[{"embeddable":true,"href":"https:\/\/aktuel.ca\/en\/wp-json\/wp\/v2\/comments?post=1040"}],"version-history":[{"count":16,"href":"https:\/\/aktuel.ca\/en\/wp-json\/wp\/v2\/pages\/1040\/revisions"}],"predecessor-version":[{"id":2140,"href":"https:\/\/aktuel.ca\/en\/wp-json\/wp\/v2\/pages\/1040\/revisions\/2140"}],"wp:attachment":[{"href":"https:\/\/aktuel.ca\/en\/wp-json\/wp\/v2\/media?parent=1040"}],"curies":[{"name":"wp","href":"https:\/\/api.w.org\/{rel}","templated":true}]}}