{"id":1034,"date":"2020-10-21T18:58:39","date_gmt":"2020-10-21T18:58:39","guid":{"rendered":"https:\/\/aktuel.ca\/contact\/"},"modified":"2024-08-13T12:58:34","modified_gmt":"2024-08-13T16:58:34","slug":"contact","status":"publish","type":"page","link":"https:\/\/aktuel.ca\/en\/contact\/","title":{"rendered":"Contact"},"content":{"rendered":"<div class=\"wpb-content-wrapper\"><p>[vc_row css_animation=&#8221;&#8221; row_type=&#8221;row&#8221; use_row_as_full_screen_section=&#8221;no&#8221; type=&#8221;grid&#8221; angled_section=&#8221;no&#8221; text_align=&#8221;left&#8221; background_image_as_pattern=&#8221;without_pattern&#8221; css=&#8221;.vc_custom_1469441071554{padding-top: 3.2% !important;padding-bottom: 4% !important;}&#8221;][vc_column][vc_column_text]<\/p>\n<h1>Contact<\/h1>\n<p>[\/vc_column_text][vc_empty_space height=&#8221;15px&#8221;][vc_column_text]<\/p>\n<h4 style=\"text-align: left;\">2050 rue Dandurand, Local 408, Montr\u00e9al (Quebec) H2G 1Y9<br \/>\n514.279.2312<\/h4>\n<p>[\/vc_column_text][vc_column_text css=&#8221;.vc_custom_1695651883565{padding-right: 5% !important;}&#8221;]<\/p>\n<p style=\"text-align: left;\">Contact us at  <a href=\"mailto:info@aktuel.ca\"><strong>info@aktuel.ca<\/strong><\/a> to obtain a quote.<\/p>\n<p>[\/vc_column_text][\/vc_column][\/vc_row][vc_row css_animation=&#8221;&#8221; row_type=&#8221;row&#8221; use_row_as_full_screen_section=&#8221;no&#8221; type=&#8221;grid&#8221; angled_section=&#8221;no&#8221; text_align=&#8221;left&#8221; background_image_as_pattern=&#8221;without_pattern&#8221;][vc_column][vc_column_text]<iframe loading=\"lazy\" style=\"border: 0;\" src=\"https:\/\/www.google.com\/maps\/embed?pb=!1m18!1m12!1m3!1d2794.501820765776!2d-73.5864929482165!3d45.540229778999304!2m3!1f0!2f0!3f0!3m2!1i1024!2i768!4f13.1!3m3!1m2!1s0x4cc9195f6f37c30f%3A0xb3368da5d2464496!2sAKTUEL%20-%20%C3%89b%C3%A9nisterie%20Architecturale!5e0!3m2!1sen!2sca!4v1636035995170!5m2!1sen!2sca\" width=\"100%\" height=\"450\" allowfullscreen=\"allowfullscreen\"><\/iframe><\/p>\n<p><!--iframe style=\"border: none;\" src=\"https:\/\/snazzymaps.com\/embed\/527077\" width=\"100%\" height=\"450px\"><\/iframe-->[\/vc_column_text][\/vc_column][\/vc_row][vc_row css_animation=&#8221;&#8221; row_type=&#8221;row&#8221; use_row_as_full_screen_section=&#8221;no&#8221; type=&#8221;grid&#8221; angled_section=&#8221;no&#8221; text_align=&#8221;left&#8221; background_image_as_pattern=&#8221;without_pattern&#8221; anchor=&#8221;about&#8221; css=&#8221;.vc_custom_1469447912550{padding-top: 4.95% !important;padding-bottom: 5.65% !important;}&#8221;][vc_column css_animation=&#8221;none&#8221; width=&#8221;1\/2&#8243; offset=&#8221;vc_col-lg-6 vc_col-md-offset-0 vc_col-md-12&#8243; css=&#8221;.vc_custom_1602550301883{padding-right: 10% !important;}&#8221;][vc_column_text]<\/p>\n<h2>We custom build the impossible<\/h2>\n<p>[\/vc_column_text][vc_column_text]In wood or metal, we offer professional and collaborative work with our one-stop shop, accompanied by follow-ups that take into account your needs, your expectations and above all your vision. This is how we surround our achievements with first-rate turnkey management, from manufacturing to installation.[\/vc_column_text][vc_empty_space height=&#8221;37px&#8221;][\/vc_column][vc_column width=&#8221;1\/2&#8243;]<div class=\"q_list circle animate_list\">\n\t&#8211; By appointment only &#8211;<\/p>\n<p>Monday: 7h30\u201316h30<br \/>\nTuesday: 7h30\u201316h30<br \/>\nWednesday: 7h30\u201316h30<br \/>\nThursday: 7h30\u201316h30<br \/>\nFriday: 7h30\u201314h00<\/div>[vc_empty_space height=&#8221;40px&#8221;][\/vc_column][\/vc_row]<\/p>\n<\/div>","protected":false},"excerpt":{"rendered":"<p>[vc_row css_animation=&#8221;&#8221; row_type=&#8221;row&#8221; use_row_as_full_screen_section=&#8221;no&#8221; type=&#8221;grid&#8221; angled_section=&#8221;no&#8221; text_align=&#8221;left&#8221; background_image_as_pattern=&#8221;without_pattern&#8221; css=&#8221;.vc_custom_1469441071554{padding-top: 3.2% !important;padding-bottom: 4% !important;}&#8221;][vc_column][vc_column_text] Contact [\/vc_column_text][vc_empty_space height=&#8221;15px&#8221;][vc_column_text] 2050 rue Dandurand, Local 408, Montr\u00e9al (Quebec) H2G 1Y9 514.279.2312 [\/vc_column_text][vc_column_text css=&#8221;.vc_custom_1695651883565{padding-right: 5% !important;}&#8221;] Contact us at info@aktuel.ca to obtain a quote. [\/vc_column_text][\/vc_column][\/vc_row][vc_row css_animation=&#8221;&#8221; row_type=&#8221;row&#8221; use_row_as_full_screen_section=&#8221;no&#8221; type=&#8221;grid&#8221; angled_section=&#8221;no&#8221; text_align=&#8221;left&#8221;&#8230;<\/p>\n","protected":false},"author":2,"featured_media":0,"parent":0,"menu_order":0,"comment_status":"closed","ping_status":"closed","template":"full_width.php","meta":{"inline_featured_image":false,"footnotes":""},"class_list":["post-1034","page","type-page","status-publish","hentry"],"yoast_head":"<!-- This site is optimized with the Yoast SEO plugin v27.4 - https:\/\/yoast.com\/product\/yoast-seo-wordpress\/ -->\n<title>Contact - Woodworking Montreal<\/title>\n<meta name=\"robots\" content=\"index, follow, max-snippet:-1, max-image-preview:large, max-video-preview:-1\" \/>\n<link rel=\"canonical\" href=\"https:\/\/aktuel.ca\/contact\/\" \/>\n<meta property=\"og:locale\" content=\"en_US\" \/>\n<meta property=\"og:type\" content=\"article\" \/>\n<meta property=\"og:title\" content=\"Contact - Woodworking Montreal\" \/>\n<meta property=\"og:description\" content=\"[vc_row css_animation=&#8221;&#8221; row_type=&#8221;row&#8221; use_row_as_full_screen_section=&#8221;no&#8221; type=&#8221;grid&#8221; angled_section=&#8221;no&#8221; text_align=&#8221;left&#8221; background_image_as_pattern=&#8221;without_pattern&#8221; css=&#8221;.vc_custom_1469441071554{padding-top: 3.2% !important;padding-bottom: 4% !important;}&#8221;][vc_column][vc_column_text] Contact [\/vc_column_text][vc_empty_space height=&#8221;15px&#8221;][vc_column_text] 2050 rue Dandurand, Local 408, Montr\u00e9al (Quebec) H2G 1Y9 514.279.2312 [\/vc_column_text][vc_column_text css=&#8221;.vc_custom_1695651883565{padding-right: 5% !important;}&#8221;] Contact us at info@aktuel.ca to obtain a quote. [\/vc_column_text][\/vc_column][\/vc_row][vc_row css_animation=&#8221;&#8221; row_type=&#8221;row&#8221; use_row_as_full_screen_section=&#8221;no&#8221; type=&#8221;grid&#8221; angled_section=&#8221;no&#8221; text_align=&#8221;left&#8221;...\" \/>\n<meta property=\"og:url\" content=\"https:\/\/aktuel.ca\/contact\/\" \/>\n<meta property=\"og:site_name\" content=\"Woodworking Montreal\" \/>\n<meta property=\"article:modified_time\" content=\"2024-08-13T16:58:34+00:00\" \/>\n<meta property=\"og:image\" content=\"https:\/\/aktuel.ca\/wp-content\/uploads\/2020\/11\/og-image.jpg\" \/>\n\t<meta property=\"og:image:width\" content=\"600\" \/>\n\t<meta property=\"og:image:height\" content=\"314\" \/>\n\t<meta property=\"og:image:type\" content=\"image\/jpeg\" \/>\n<meta name=\"twitter:card\" content=\"summary_large_image\" \/>\n<meta name=\"twitter:label1\" content=\"Est. reading time\" \/>\n\t<meta name=\"twitter:data1\" content=\"1 minute\" \/>\n<script type=\"application\/ld+json\" class=\"yoast-schema-graph\">{\"@context\":\"https:\\\/\\\/schema.org\",\"@graph\":[{\"@type\":\"WebPage\",\"@id\":\"https:\\\/\\\/aktuel.ca\\\/contact\\\/\",\"url\":\"https:\\\/\\\/aktuel.ca\\\/contact\\\/\",\"name\":\"Contact - Woodworking Montreal\",\"isPartOf\":{\"@id\":\"https:\\\/\\\/aktuel.ca\\\/en\\\/#website\"},\"datePublished\":\"2020-10-21T18:58:39+00:00\",\"dateModified\":\"2024-08-13T16:58:34+00:00\",\"breadcrumb\":{\"@id\":\"https:\\\/\\\/aktuel.ca\\\/contact\\\/#breadcrumb\"},\"inLanguage\":\"en-US\",\"potentialAction\":[{\"@type\":\"ReadAction\",\"target\":[\"https:\\\/\\\/aktuel.ca\\\/contact\\\/\"]}]},{\"@type\":\"BreadcrumbList\",\"@id\":\"https:\\\/\\\/aktuel.ca\\\/contact\\\/#breadcrumb\",\"itemListElement\":[{\"@type\":\"ListItem\",\"position\":1,\"name\":\"Accueil\",\"item\":\"https:\\\/\\\/aktuel.ca\\\/en\\\/\"},{\"@type\":\"ListItem\",\"position\":2,\"name\":\"Contact\"}]},{\"@type\":\"WebSite\",\"@id\":\"https:\\\/\\\/aktuel.ca\\\/en\\\/#website\",\"url\":\"https:\\\/\\\/aktuel.ca\\\/en\\\/\",\"name\":\"\u00c9b\u00e9niste Montr\u00e9al\",\"description\":\"\",\"publisher\":{\"@id\":\"https:\\\/\\\/aktuel.ca\\\/en\\\/#organization\"},\"potentialAction\":[{\"@type\":\"SearchAction\",\"target\":{\"@type\":\"EntryPoint\",\"urlTemplate\":\"https:\\\/\\\/aktuel.ca\\\/en\\\/?s={search_term_string}\"},\"query-input\":{\"@type\":\"PropertyValueSpecification\",\"valueRequired\":true,\"valueName\":\"search_term_string\"}}],\"inLanguage\":\"en-US\"},{\"@type\":\"Organization\",\"@id\":\"https:\\\/\\\/aktuel.ca\\\/en\\\/#organization\",\"name\":\"Aktuel\",\"url\":\"https:\\\/\\\/aktuel.ca\\\/en\\\/\",\"logo\":{\"@type\":\"ImageObject\",\"inLanguage\":\"en-US\",\"@id\":\"https:\\\/\\\/aktuel.ca\\\/en\\\/#\\\/schema\\\/logo\\\/image\\\/\",\"url\":\"https:\\\/\\\/aktuel.ca\\\/wp-content\\\/uploads\\\/2021\\\/02\\\/logo_Aktuel_FR-noir.svg\",\"contentUrl\":\"https:\\\/\\\/aktuel.ca\\\/wp-content\\\/uploads\\\/2021\\\/02\\\/logo_Aktuel_FR-noir.svg\",\"width\":\"1024\",\"height\":\"1024\",\"caption\":\"Aktuel\"},\"image\":{\"@id\":\"https:\\\/\\\/aktuel.ca\\\/en\\\/#\\\/schema\\\/logo\\\/image\\\/\"},\"sameAs\":[\"https:\\\/\\\/www.instagram.com\\\/aktuel_inc\\\/\"]}]}<\/script>\n<!-- \/ Yoast SEO plugin. -->","yoast_head_json":{"title":"Contact - Woodworking Montreal","robots":{"index":"index","follow":"follow","max-snippet":"max-snippet:-1","max-image-preview":"max-image-preview:large","max-video-preview":"max-video-preview:-1"},"canonical":"https:\/\/aktuel.ca\/contact\/","og_locale":"en_US","og_type":"article","og_title":"Contact - Woodworking Montreal","og_description":"[vc_row css_animation=&#8221;&#8221; row_type=&#8221;row&#8221; use_row_as_full_screen_section=&#8221;no&#8221; type=&#8221;grid&#8221; angled_section=&#8221;no&#8221; text_align=&#8221;left&#8221; background_image_as_pattern=&#8221;without_pattern&#8221; css=&#8221;.vc_custom_1469441071554{padding-top: 3.2% !important;padding-bottom: 4% !important;}&#8221;][vc_column][vc_column_text] Contact [\/vc_column_text][vc_empty_space height=&#8221;15px&#8221;][vc_column_text] 2050 rue Dandurand, Local 408, Montr\u00e9al (Quebec) H2G 1Y9 514.279.2312 [\/vc_column_text][vc_column_text css=&#8221;.vc_custom_1695651883565{padding-right: 5% !important;}&#8221;] Contact us at info@aktuel.ca to obtain a quote. [\/vc_column_text][\/vc_column][\/vc_row][vc_row css_animation=&#8221;&#8221; row_type=&#8221;row&#8221; use_row_as_full_screen_section=&#8221;no&#8221; type=&#8221;grid&#8221; angled_section=&#8221;no&#8221; text_align=&#8221;left&#8221;...","og_url":"https:\/\/aktuel.ca\/contact\/","og_site_name":"Woodworking Montreal","article_modified_time":"2024-08-13T16:58:34+00:00","og_image":[{"width":600,"height":314,"url":"https:\/\/aktuel.ca\/wp-content\/uploads\/2020\/11\/og-image.jpg","type":"image\/jpeg"}],"twitter_card":"summary_large_image","twitter_misc":{"Est. reading time":"1 minute"},"schema":{"@context":"https:\/\/schema.org","@graph":[{"@type":"WebPage","@id":"https:\/\/aktuel.ca\/contact\/","url":"https:\/\/aktuel.ca\/contact\/","name":"Contact - Woodworking Montreal","isPartOf":{"@id":"https:\/\/aktuel.ca\/en\/#website"},"datePublished":"2020-10-21T18:58:39+00:00","dateModified":"2024-08-13T16:58:34+00:00","breadcrumb":{"@id":"https:\/\/aktuel.ca\/contact\/#breadcrumb"},"inLanguage":"en-US","potentialAction":[{"@type":"ReadAction","target":["https:\/\/aktuel.ca\/contact\/"]}]},{"@type":"BreadcrumbList","@id":"https:\/\/aktuel.ca\/contact\/#breadcrumb","itemListElement":[{"@type":"ListItem","position":1,"name":"Accueil","item":"https:\/\/aktuel.ca\/en\/"},{"@type":"ListItem","position":2,"name":"Contact"}]},{"@type":"WebSite","@id":"https:\/\/aktuel.ca\/en\/#website","url":"https:\/\/aktuel.ca\/en\/","name":"\u00c9b\u00e9niste Montr\u00e9al","description":"","publisher":{"@id":"https:\/\/aktuel.ca\/en\/#organization"},"potentialAction":[{"@type":"SearchAction","target":{"@type":"EntryPoint","urlTemplate":"https:\/\/aktuel.ca\/en\/?s={search_term_string}"},"query-input":{"@type":"PropertyValueSpecification","valueRequired":true,"valueName":"search_term_string"}}],"inLanguage":"en-US"},{"@type":"Organization","@id":"https:\/\/aktuel.ca\/en\/#organization","name":"Aktuel","url":"https:\/\/aktuel.ca\/en\/","logo":{"@type":"ImageObject","inLanguage":"en-US","@id":"https:\/\/aktuel.ca\/en\/#\/schema\/logo\/image\/","url":"https:\/\/aktuel.ca\/wp-content\/uploads\/2021\/02\/logo_Aktuel_FR-noir.svg","contentUrl":"https:\/\/aktuel.ca\/wp-content\/uploads\/2021\/02\/logo_Aktuel_FR-noir.svg","width":"1024","height":"1024","caption":"Aktuel"},"image":{"@id":"https:\/\/aktuel.ca\/en\/#\/schema\/logo\/image\/"},"sameAs":["https:\/\/www.instagram.com\/aktuel_inc\/"]}]}},"_links":{"self":[{"href":"https:\/\/aktuel.ca\/en\/wp-json\/wp\/v2\/pages\/1034","targetHints":{"allow":["GET"]}}],"collection":[{"href":"https:\/\/aktuel.ca\/en\/wp-json\/wp\/v2\/pages"}],"about":[{"href":"https:\/\/aktuel.ca\/en\/wp-json\/wp\/v2\/types\/page"}],"author":[{"embeddable":true,"href":"https:\/\/aktuel.ca\/en\/wp-json\/wp\/v2\/users\/2"}],"replies":[{"embeddable":true,"href":"https:\/\/aktuel.ca\/en\/wp-json\/wp\/v2\/comments?post=1034"}],"version-history":[{"count":21,"href":"https:\/\/aktuel.ca\/en\/wp-json\/wp\/v2\/pages\/1034\/revisions"}],"predecessor-version":[{"id":2430,"href":"https:\/\/aktuel.ca\/en\/wp-json\/wp\/v2\/pages\/1034\/revisions\/2430"}],"wp:attachment":[{"href":"https:\/\/aktuel.ca\/en\/wp-json\/wp\/v2\/media?parent=1034"}],"curies":[{"name":"wp","href":"https:\/\/api.w.org\/{rel}","templated":true}]}}