{"id":1030,"date":"2020-10-21T18:53:41","date_gmt":"2020-10-21T18:53:41","guid":{"rendered":"https:\/\/aktuel.ca\/about\/"},"modified":"2023-09-25T22:01:31","modified_gmt":"2023-09-26T02:01:31","slug":"about","status":"publish","type":"page","link":"https:\/\/aktuel.ca\/en\/about\/","title":{"rendered":"About"},"content":{"rendered":"<div class=\"wpb-content-wrapper\"><p>[vc_row css_animation=&#8221;&#8221; row_type=&#8221;row&#8221; use_row_as_full_screen_section=&#8221;no&#8221; type=&#8221;grid&#8221; angled_section=&#8221;no&#8221; text_align=&#8221;left&#8221; background_image_as_pattern=&#8221;without_pattern&#8221; css=&#8221;.vc_custom_1469625470437{padding-top: 3.3% !important;padding-bottom: 0% !important;}&#8221;][vc_column][vc_column_text]<\/p>\n<h1>About Us<\/h1>\n<p>[\/vc_column_text][vc_empty_space height=&#8221;20px&#8221;][vc_column_text]<\/p>\n<h4>We custom build the impossible<\/h4>\n<p>[\/vc_column_text][vc_empty_space height=&#8221;64px&#8221; el_class=&#8221;height-20-mobile&#8221;][vc_single_image image=&#8221;1171&#8243; img_size=&#8221;full&#8221; qode_css_animation=&#8221;&#8221;][\/vc_column][\/vc_row][vc_row css_animation=&#8221;&#8221; row_type=&#8221;row&#8221; use_row_as_full_screen_section=&#8221;no&#8221; type=&#8221;grid&#8221; angled_section=&#8221;no&#8221; text_align=&#8221;left&#8221; background_image_as_pattern=&#8221;without_pattern&#8221; css=&#8221;.vc_custom_1469626294003{padding-top: 3.15% !important;padding-bottom: 11.6% !important;}&#8221;][vc_column offset=&#8221;vc_col-lg-12 vc_col-md-12&#8243;][vc_column_text css=&#8221;.vc_custom_1695064536801{padding-right: 10% !important;}&#8221;]<\/p>\n<h2 style=\"text-align: left;\" data-mce-style=\"text-align: left;\">AKTUEL is an architectural woodworking and metalwork one-stop shop. Our family business has been established for over 30 years in the heart of Montreal in Canada.<\/h2>\n<p>[\/vc_column_text][vc_empty_space height=&#8221;43px&#8221; el_class=&#8221;height-20-mobile&#8221;][vc_column_text]<\/p>\n<p style=\"text-align: left;\">Our approach is collaborative. We offer our customers a reliable partnership, from design to installation, manufacturing and finishing.<\/p>\n<p style=\"text-align: left;\">We have contributed to the completion of a multitude of large-scale woodworking projects and the manufacturing of quality custom furniture for a very diverse clientele.<\/p>\n<p style=\"text-align: left;\">Designers, architects and contractors entrust us with their unique and daring projects, whether residential, commercial or cultural. We manufacture and bring them to fruition thanks to our know-how and our passion. We stand out thanks to our knowledge of the latest innovations in design, materials and manufacturing. Our mission is to ensure, throughout our collaborations, that we respect your vision and that the final result meets your expectations.<\/p>\n<p style=\"text-align: left;\"><strong>At AKTUEL, we manufacture the impossible to measure in wood, metal and other materials!<\/strong><\/p>\n<p>[\/vc_column_text][vc_empty_space height=&#8221;35px&#8221;]<a  itemprop=\"url\" href=\"http:\/\/projects\" target=\"_self\"  class=\"qbutton  default\" style=\"\">View our work<\/a>[vc_empty_space height=&#8221;60px&#8221;][vc_column_text css=&#8221;.vc_custom_1695651883565{padding-right: 5% !important;}&#8221;]<\/p>\n<p style=\"text-align: left;\" data-mce-style=\"text-align: left;\">Contact us at <a href=\"mailto:info@aktuel.ca\" data-mce-href=\"mailto:info@aktuel.ca\"><strong>info@aktuel.ca<\/strong><\/a> to get a quote.<\/p>\n<p>[\/vc_column_text][vc_empty_space height=&#8221;60px&#8221;][\/vc_column][\/vc_row]<\/p>\n<\/div>","protected":false},"excerpt":{"rendered":"<p>[vc_row css_animation=&#8221;&#8221; row_type=&#8221;row&#8221; use_row_as_full_screen_section=&#8221;no&#8221; type=&#8221;grid&#8221; angled_section=&#8221;no&#8221; text_align=&#8221;left&#8221; background_image_as_pattern=&#8221;without_pattern&#8221; css=&#8221;.vc_custom_1469625470437{padding-top: 3.3% !important;padding-bottom: 0% !important;}&#8221;][vc_column][vc_column_text] About Us [\/vc_column_text][vc_empty_space height=&#8221;20px&#8221;][vc_column_text] We custom build the impossible [\/vc_column_text][vc_empty_space height=&#8221;64px&#8221; el_class=&#8221;height-20-mobile&#8221;][vc_single_image image=&#8221;1171&#8243; img_size=&#8221;full&#8221; qode_css_animation=&#8221;&#8221;][\/vc_column][\/vc_row][vc_row css_animation=&#8221;&#8221; row_type=&#8221;row&#8221; use_row_as_full_screen_section=&#8221;no&#8221; type=&#8221;grid&#8221; angled_section=&#8221;no&#8221; text_align=&#8221;left&#8221; background_image_as_pattern=&#8221;without_pattern&#8221; css=&#8221;.vc_custom_1469626294003{padding-top: 3.15% !important;padding-bottom: 11.6% !important;}&#8221;][vc_column offset=&#8221;vc_col-lg-12 vc_col-md-12&#8243;][vc_column_text css=&#8221;.vc_custom_1695064536801{padding-right: 10% !important;}&#8221;]&#8230;<\/p>\n","protected":false},"author":2,"featured_media":0,"parent":0,"menu_order":0,"comment_status":"closed","ping_status":"closed","template":"full_width.php","meta":{"inline_featured_image":false,"footnotes":""},"class_list":["post-1030","page","type-page","status-publish","hentry"],"yoast_head":"<!-- This site is optimized with the Yoast SEO plugin v27.3 - https:\/\/yoast.com\/product\/yoast-seo-wordpress\/ -->\n<title>About - Woodworking Montreal<\/title>\n<meta name=\"robots\" content=\"index, follow, max-snippet:-1, max-image-preview:large, max-video-preview:-1\" \/>\n<link rel=\"canonical\" href=\"https:\/\/aktuel.ca\/a-propos\/\" \/>\n<meta property=\"og:locale\" content=\"en_US\" \/>\n<meta property=\"og:type\" content=\"article\" \/>\n<meta property=\"og:title\" content=\"About - Woodworking Montreal\" \/>\n<meta property=\"og:description\" content=\"[vc_row css_animation=&#8221;&#8221; row_type=&#8221;row&#8221; use_row_as_full_screen_section=&#8221;no&#8221; type=&#8221;grid&#8221; angled_section=&#8221;no&#8221; text_align=&#8221;left&#8221; background_image_as_pattern=&#8221;without_pattern&#8221; css=&#8221;.vc_custom_1469625470437{padding-top: 3.3% !important;padding-bottom: 0% !important;}&#8221;][vc_column][vc_column_text] About Us [\/vc_column_text][vc_empty_space height=&#8221;20px&#8221;][vc_column_text] We custom build the impossible [\/vc_column_text][vc_empty_space height=&#8221;64px&#8221; el_class=&#8221;height-20-mobile&#8221;][vc_single_image image=&#8221;1171&#8243; img_size=&#8221;full&#8221; qode_css_animation=&#8221;&#8221;][\/vc_column][\/vc_row][vc_row css_animation=&#8221;&#8221; row_type=&#8221;row&#8221; use_row_as_full_screen_section=&#8221;no&#8221; type=&#8221;grid&#8221; angled_section=&#8221;no&#8221; text_align=&#8221;left&#8221; background_image_as_pattern=&#8221;without_pattern&#8221; css=&#8221;.vc_custom_1469626294003{padding-top: 3.15% !important;padding-bottom: 11.6% !important;}&#8221;][vc_column offset=&#8221;vc_col-lg-12 vc_col-md-12&#8243;][vc_column_text css=&#8221;.vc_custom_1695064536801{padding-right: 10% !important;}&#8221;]...\" \/>\n<meta property=\"og:url\" content=\"https:\/\/aktuel.ca\/a-propos\/\" \/>\n<meta property=\"og:site_name\" content=\"Woodworking Montreal\" \/>\n<meta property=\"article:modified_time\" content=\"2023-09-26T02:01:31+00:00\" \/>\n<meta property=\"og:image\" content=\"https:\/\/aktuel.ca\/wp-content\/uploads\/2020\/11\/og-image.jpg\" \/>\n\t<meta property=\"og:image:width\" content=\"600\" \/>\n\t<meta property=\"og:image:height\" content=\"314\" \/>\n\t<meta property=\"og:image:type\" content=\"image\/jpeg\" \/>\n<meta name=\"twitter:card\" content=\"summary_large_image\" \/>\n<meta name=\"twitter:label1\" content=\"Est. reading time\" \/>\n\t<meta name=\"twitter:data1\" content=\"2 minutes\" \/>\n<script type=\"application\/ld+json\" class=\"yoast-schema-graph\">{\"@context\":\"https:\\\/\\\/schema.org\",\"@graph\":[{\"@type\":\"WebPage\",\"@id\":\"https:\\\/\\\/aktuel.ca\\\/a-propos\\\/\",\"url\":\"https:\\\/\\\/aktuel.ca\\\/a-propos\\\/\",\"name\":\"About - Woodworking Montreal\",\"isPartOf\":{\"@id\":\"https:\\\/\\\/aktuel.ca\\\/en\\\/#website\"},\"datePublished\":\"2020-10-21T18:53:41+00:00\",\"dateModified\":\"2023-09-26T02:01:31+00:00\",\"breadcrumb\":{\"@id\":\"https:\\\/\\\/aktuel.ca\\\/a-propos\\\/#breadcrumb\"},\"inLanguage\":\"en-US\",\"potentialAction\":[{\"@type\":\"ReadAction\",\"target\":[\"https:\\\/\\\/aktuel.ca\\\/a-propos\\\/\"]}]},{\"@type\":\"BreadcrumbList\",\"@id\":\"https:\\\/\\\/aktuel.ca\\\/a-propos\\\/#breadcrumb\",\"itemListElement\":[{\"@type\":\"ListItem\",\"position\":1,\"name\":\"Accueil\",\"item\":\"https:\\\/\\\/aktuel.ca\\\/en\\\/\"},{\"@type\":\"ListItem\",\"position\":2,\"name\":\"About\"}]},{\"@type\":\"WebSite\",\"@id\":\"https:\\\/\\\/aktuel.ca\\\/en\\\/#website\",\"url\":\"https:\\\/\\\/aktuel.ca\\\/en\\\/\",\"name\":\"\u00c9b\u00e9niste Montr\u00e9al\",\"description\":\"\",\"publisher\":{\"@id\":\"https:\\\/\\\/aktuel.ca\\\/en\\\/#organization\"},\"potentialAction\":[{\"@type\":\"SearchAction\",\"target\":{\"@type\":\"EntryPoint\",\"urlTemplate\":\"https:\\\/\\\/aktuel.ca\\\/en\\\/?s={search_term_string}\"},\"query-input\":{\"@type\":\"PropertyValueSpecification\",\"valueRequired\":true,\"valueName\":\"search_term_string\"}}],\"inLanguage\":\"en-US\"},{\"@type\":\"Organization\",\"@id\":\"https:\\\/\\\/aktuel.ca\\\/en\\\/#organization\",\"name\":\"Aktuel\",\"url\":\"https:\\\/\\\/aktuel.ca\\\/en\\\/\",\"logo\":{\"@type\":\"ImageObject\",\"inLanguage\":\"en-US\",\"@id\":\"https:\\\/\\\/aktuel.ca\\\/en\\\/#\\\/schema\\\/logo\\\/image\\\/\",\"url\":\"https:\\\/\\\/aktuel.ca\\\/wp-content\\\/uploads\\\/2021\\\/02\\\/logo_Aktuel_FR-noir.svg\",\"contentUrl\":\"https:\\\/\\\/aktuel.ca\\\/wp-content\\\/uploads\\\/2021\\\/02\\\/logo_Aktuel_FR-noir.svg\",\"width\":\"1024\",\"height\":\"1024\",\"caption\":\"Aktuel\"},\"image\":{\"@id\":\"https:\\\/\\\/aktuel.ca\\\/en\\\/#\\\/schema\\\/logo\\\/image\\\/\"},\"sameAs\":[\"https:\\\/\\\/www.instagram.com\\\/aktuel_inc\\\/\"]}]}<\/script>\n<!-- \/ Yoast SEO plugin. -->","yoast_head_json":{"title":"About - Woodworking Montreal","robots":{"index":"index","follow":"follow","max-snippet":"max-snippet:-1","max-image-preview":"max-image-preview:large","max-video-preview":"max-video-preview:-1"},"canonical":"https:\/\/aktuel.ca\/a-propos\/","og_locale":"en_US","og_type":"article","og_title":"About - Woodworking Montreal","og_description":"[vc_row css_animation=&#8221;&#8221; row_type=&#8221;row&#8221; use_row_as_full_screen_section=&#8221;no&#8221; type=&#8221;grid&#8221; angled_section=&#8221;no&#8221; text_align=&#8221;left&#8221; background_image_as_pattern=&#8221;without_pattern&#8221; css=&#8221;.vc_custom_1469625470437{padding-top: 3.3% !important;padding-bottom: 0% !important;}&#8221;][vc_column][vc_column_text] About Us [\/vc_column_text][vc_empty_space height=&#8221;20px&#8221;][vc_column_text] We custom build the impossible [\/vc_column_text][vc_empty_space height=&#8221;64px&#8221; el_class=&#8221;height-20-mobile&#8221;][vc_single_image image=&#8221;1171&#8243; img_size=&#8221;full&#8221; qode_css_animation=&#8221;&#8221;][\/vc_column][\/vc_row][vc_row css_animation=&#8221;&#8221; row_type=&#8221;row&#8221; use_row_as_full_screen_section=&#8221;no&#8221; type=&#8221;grid&#8221; angled_section=&#8221;no&#8221; text_align=&#8221;left&#8221; background_image_as_pattern=&#8221;without_pattern&#8221; css=&#8221;.vc_custom_1469626294003{padding-top: 3.15% !important;padding-bottom: 11.6% !important;}&#8221;][vc_column offset=&#8221;vc_col-lg-12 vc_col-md-12&#8243;][vc_column_text css=&#8221;.vc_custom_1695064536801{padding-right: 10% !important;}&#8221;]...","og_url":"https:\/\/aktuel.ca\/a-propos\/","og_site_name":"Woodworking Montreal","article_modified_time":"2023-09-26T02:01:31+00:00","og_image":[{"width":600,"height":314,"url":"https:\/\/aktuel.ca\/wp-content\/uploads\/2020\/11\/og-image.jpg","type":"image\/jpeg"}],"twitter_card":"summary_large_image","twitter_misc":{"Est. reading time":"2 minutes"},"schema":{"@context":"https:\/\/schema.org","@graph":[{"@type":"WebPage","@id":"https:\/\/aktuel.ca\/a-propos\/","url":"https:\/\/aktuel.ca\/a-propos\/","name":"About - Woodworking Montreal","isPartOf":{"@id":"https:\/\/aktuel.ca\/en\/#website"},"datePublished":"2020-10-21T18:53:41+00:00","dateModified":"2023-09-26T02:01:31+00:00","breadcrumb":{"@id":"https:\/\/aktuel.ca\/a-propos\/#breadcrumb"},"inLanguage":"en-US","potentialAction":[{"@type":"ReadAction","target":["https:\/\/aktuel.ca\/a-propos\/"]}]},{"@type":"BreadcrumbList","@id":"https:\/\/aktuel.ca\/a-propos\/#breadcrumb","itemListElement":[{"@type":"ListItem","position":1,"name":"Accueil","item":"https:\/\/aktuel.ca\/en\/"},{"@type":"ListItem","position":2,"name":"About"}]},{"@type":"WebSite","@id":"https:\/\/aktuel.ca\/en\/#website","url":"https:\/\/aktuel.ca\/en\/","name":"\u00c9b\u00e9niste Montr\u00e9al","description":"","publisher":{"@id":"https:\/\/aktuel.ca\/en\/#organization"},"potentialAction":[{"@type":"SearchAction","target":{"@type":"EntryPoint","urlTemplate":"https:\/\/aktuel.ca\/en\/?s={search_term_string}"},"query-input":{"@type":"PropertyValueSpecification","valueRequired":true,"valueName":"search_term_string"}}],"inLanguage":"en-US"},{"@type":"Organization","@id":"https:\/\/aktuel.ca\/en\/#organization","name":"Aktuel","url":"https:\/\/aktuel.ca\/en\/","logo":{"@type":"ImageObject","inLanguage":"en-US","@id":"https:\/\/aktuel.ca\/en\/#\/schema\/logo\/image\/","url":"https:\/\/aktuel.ca\/wp-content\/uploads\/2021\/02\/logo_Aktuel_FR-noir.svg","contentUrl":"https:\/\/aktuel.ca\/wp-content\/uploads\/2021\/02\/logo_Aktuel_FR-noir.svg","width":"1024","height":"1024","caption":"Aktuel"},"image":{"@id":"https:\/\/aktuel.ca\/en\/#\/schema\/logo\/image\/"},"sameAs":["https:\/\/www.instagram.com\/aktuel_inc\/"]}]}},"_links":{"self":[{"href":"https:\/\/aktuel.ca\/en\/wp-json\/wp\/v2\/pages\/1030","targetHints":{"allow":["GET"]}}],"collection":[{"href":"https:\/\/aktuel.ca\/en\/wp-json\/wp\/v2\/pages"}],"about":[{"href":"https:\/\/aktuel.ca\/en\/wp-json\/wp\/v2\/types\/page"}],"author":[{"embeddable":true,"href":"https:\/\/aktuel.ca\/en\/wp-json\/wp\/v2\/users\/2"}],"replies":[{"embeddable":true,"href":"https:\/\/aktuel.ca\/en\/wp-json\/wp\/v2\/comments?post=1030"}],"version-history":[{"count":26,"href":"https:\/\/aktuel.ca\/en\/wp-json\/wp\/v2\/pages\/1030\/revisions"}],"predecessor-version":[{"id":2106,"href":"https:\/\/aktuel.ca\/en\/wp-json\/wp\/v2\/pages\/1030\/revisions\/2106"}],"wp:attachment":[{"href":"https:\/\/aktuel.ca\/en\/wp-json\/wp\/v2\/media?parent=1030"}],"curies":[{"name":"wp","href":"https:\/\/api.w.org\/{rel}","templated":true}]}}